{"id":13602,"date":"2023-07-14T11:59:45","date_gmt":"2023-07-14T11:59:45","guid":{"rendered":"https:\/\/fh-staging.vengo.cloud\/?product=runde-dose-aus-steingut-mit-beiger-glasur-und-bambusdeckel"},"modified":"2026-01-05T14:10:22","modified_gmt":"2026-01-05T13:10:22","slug":"runde-dose-aus-steingut-mit-beiger-glasur-und-bambusdeckel","status":"publish","type":"product","link":"https:\/\/fh-staging.vengo.cloud\/de-ch\/p\/runde-dose-aus-steingut-mit-beiger-glasur-und-bambusdeckel","title":{"rendered":"Runde Dose aus Steingut mit beiger Glasur und Bambusdeckel"},"content":{"rendered":"<p style=\"text-align: left;\">Sch\u00f6ne beige Steindose mit rauem Finish. Ideal zur Aufbewahrung trockener Lebensmittel in der K\u00fcche oder Utensilien im Bad. Dank des Silikonsiegels und des Bambusdeckels l\u00e4sst sich alles sauber verschliessen und stilvoll aufbewahren.<\/p>\n<p style=\"text-align: left;\">\u2022 Luftdichter Beh\u00e4lter mit Bambusdeckel und Silikonsiegel<br \/>\n\u2022 Ideal zur Aufbewahrung trockener Lebensmittel wie Kr\u00e4uter, Kekse, Gew\u00fcrze, Getreide, Kaffee<br \/>\n\u2022 Beh\u00e4lter aus langlebigem Steingut mit reaktiver Glasur und rauem, gesprenkeltem Unterteil<br \/>\n\u2022 Jedes Produkt ist handgefertigt, so dass die Glasur unterschiedlich ausfallen kann<br \/>\n\u2022 Fasst 750 ml<br \/>\n\u2022 H\u00f6he 12.9 cm, Durchmesser 10 cm<\/p>\n","protected":false},"excerpt":{"rendered":"<p>Runde Dose aus Steingut mit beiger Glasur und Bambusdeckel,750 ml, H 12.9 x \u00d8 10 cm<\/p>\n","protected":false},"featured_media":13603,"template":"","meta":[],"product_brand":[],"product_cat":[1102,23,910,1207,909,32,915,42,1101,43],"product_tag":[324],"woo-feed-brand":[],"class_list":{"0":"post-13602","1":"product","2":"type-product","3":"status-publish","4":"has-post-thumbnail","6":"product_cat-essen","7":"product_cat-home-living","8":"product_cat-geschenkideen","9":"product_cat-unter-25-chf","10":"product_cat-weihnachten","11":"product_cat-aufbewahrung","12":"product_cat-wichteln","13":"product_cat-kueche","14":"product_cat-geschirr","15":"product_cat-gedeckter-tisch","16":"product_tag-marein-ag","18":"first","19":"instock","20":"taxable","21":"shipping-taxable","22":"purchasable","23":"product-type-simple"},"_links":{"self":[{"href":"https:\/\/fh-staging.vengo.cloud\/de-ch\/wp-json\/wp\/v2\/product\/13602","targetHints":{"allow":["GET"]}}],"collection":[{"href":"https:\/\/fh-staging.vengo.cloud\/de-ch\/wp-json\/wp\/v2\/product"}],"about":[{"href":"https:\/\/fh-staging.vengo.cloud\/de-ch\/wp-json\/wp\/v2\/types\/product"}],"wp:featuredmedia":[{"embeddable":true,"href":"https:\/\/fh-staging.vengo.cloud\/de-ch\/wp-json\/wp\/v2\/media\/13603"}],"wp:attachment":[{"href":"https:\/\/fh-staging.vengo.cloud\/de-ch\/wp-json\/wp\/v2\/media?parent=13602"}],"wp:term":[{"taxonomy":"product_brand","embeddable":true,"href":"https:\/\/fh-staging.vengo.cloud\/de-ch\/wp-json\/wp\/v2\/product_brand?post=13602"},{"taxonomy":"product_cat","embeddable":true,"href":"https:\/\/fh-staging.vengo.cloud\/de-ch\/wp-json\/wp\/v2\/product_cat?post=13602"},{"taxonomy":"product_tag","embeddable":true,"href":"https:\/\/fh-staging.vengo.cloud\/de-ch\/wp-json\/wp\/v2\/product_tag?post=13602"},{"taxonomy":"woo-feed-brand","embeddable":true,"href":"https:\/\/fh-staging.vengo.cloud\/de-ch\/wp-json\/wp\/v2\/woo-feed-brand?post=13602"}],"curies":[{"name":"wp","href":"https:\/\/api.w.org\/{rel}","templated":true}]}}