{"id":13597,"date":"2023-07-14T11:59:44","date_gmt":"2023-07-14T11:59:44","guid":{"rendered":"https:\/\/fh-staging.vengo.cloud\/?product=stehtopf-blumentopf-mit-beinen-aus-metall"},"modified":"2026-01-05T14:10:23","modified_gmt":"2026-01-05T13:10:23","slug":"stehtopf-blumentopf-mit-beinen-aus-metall","status":"publish","type":"product","link":"https:\/\/fh-staging.vengo.cloud\/de-ch\/p\/stehtopf-blumentopf-mit-beinen-aus-metall","title":{"rendered":"Stehtopf \/ Blumentopf mit Beinen aus Metall"},"content":{"rendered":"<p style=\"text-align: left\">Moderner Blumentopf oder Pflanzenst\u00e4nder aus matt-schwarzem Metall. Erh\u00e4ltlich in zwei Gr\u00f6ssen f\u00fcr besonders sch\u00f6ne Kombinationen.<\/p>\n<p style=\"text-align: left\">\u2022 Matt schwarzer, schlichter Stehtopf mit vier Beinen, ideal f\u00fcr Blumen oder Pflanzen<br \/>\n\u2022 Topf kann vom Fuss getrennt werden<br \/>\n\u2022 Topf ohne Lochung<br \/>\n\u2022 Durchmesser 21 cm, H\u00f6he 62 cm<\/p>\n","protected":false},"excerpt":{"rendered":"<p>Stehtopf \/ Blumentopf mit Beinen aus Metall, matt schwarz, 62 cm<\/p>\n","protected":false},"featured_media":13598,"template":"","meta":[],"product_brand":[],"product_cat":[27,23,1198,34,40],"product_tag":[324],"woo-feed-brand":[],"class_list":{"0":"post-13597","1":"product","2":"type-product","3":"status-publish","4":"has-post-thumbnail","6":"product_cat-vasen-gefaesse","7":"product_cat-home-living","8":"product_cat-toepfe","9":"product_cat-garten-balkon","10":"product_cat-uebertoepfe","11":"product_tag-marein-ag","13":"first","14":"instock","15":"taxable","16":"shipping-taxable","17":"purchasable","18":"product-type-simple"},"_links":{"self":[{"href":"https:\/\/fh-staging.vengo.cloud\/de-ch\/wp-json\/wp\/v2\/product\/13597","targetHints":{"allow":["GET"]}}],"collection":[{"href":"https:\/\/fh-staging.vengo.cloud\/de-ch\/wp-json\/wp\/v2\/product"}],"about":[{"href":"https:\/\/fh-staging.vengo.cloud\/de-ch\/wp-json\/wp\/v2\/types\/product"}],"wp:featuredmedia":[{"embeddable":true,"href":"https:\/\/fh-staging.vengo.cloud\/de-ch\/wp-json\/wp\/v2\/media\/13598"}],"wp:attachment":[{"href":"https:\/\/fh-staging.vengo.cloud\/de-ch\/wp-json\/wp\/v2\/media?parent=13597"}],"wp:term":[{"taxonomy":"product_brand","embeddable":true,"href":"https:\/\/fh-staging.vengo.cloud\/de-ch\/wp-json\/wp\/v2\/product_brand?post=13597"},{"taxonomy":"product_cat","embeddable":true,"href":"https:\/\/fh-staging.vengo.cloud\/de-ch\/wp-json\/wp\/v2\/product_cat?post=13597"},{"taxonomy":"product_tag","embeddable":true,"href":"https:\/\/fh-staging.vengo.cloud\/de-ch\/wp-json\/wp\/v2\/product_tag?post=13597"},{"taxonomy":"woo-feed-brand","embeddable":true,"href":"https:\/\/fh-staging.vengo.cloud\/de-ch\/wp-json\/wp\/v2\/woo-feed-brand?post=13597"}],"curies":[{"name":"wp","href":"https:\/\/api.w.org\/{rel}","templated":true}]}}