{"id":13587,"date":"2023-07-14T11:59:43","date_gmt":"2023-07-14T11:59:43","guid":{"rendered":"https:\/\/fh-staging.vengo.cloud\/?product=beissring-mit-geometrischen-formen"},"modified":"2026-01-05T14:10:23","modified_gmt":"2026-01-05T13:10:23","slug":"beissring-mit-geometrischen-formen","status":"publish","type":"product","link":"https:\/\/fh-staging.vengo.cloud\/de-ch\/p\/beissring-mit-geometrischen-formen","title":{"rendered":"Beissring mit geometrischen Formen"},"content":{"rendered":"<p style=\"text-align: left;\">Dieser Beissring mit sch\u00f6nen geometrischen Formen ist der perfekte Begleiter in der Zahnwachstumsphase von Babys und Kleinkindern. Die angenehm harte und glatte Buchenholz-Oberfl\u00e4che sorgt f\u00fcr einen festen Griff und Biss, w\u00e4hrend der Silikonball eine weichere Alternative f\u00fcr wundes Zahnfleisch beim Zahnen bietet. Behutsam hergestellt aus FSC-zertifiziertem Holz und BPA-freiem, lebensmittelechtem Silikon. SGS und FDA zugelassen, sodass Kindern und Babys ein gefahrloses Spielen garantiert ist.<\/p>\n<p style=\"text-align: left;\">\u2022 Beiss-Spielzeug aus Buchenholz und Silikon<br \/>\n\u2022 Ideale Gr\u00f6sse f\u00fcr den Griff kleiner Kinderh\u00e4nde<br \/>\n\u2022 Aus FSC-zertifiziertem und glatt verarbeitetem Buchenholz, welches wundem und zahnendem Zahnfleisch eine angenehm harte Oberfl\u00e4che bietet<br \/>\n\u2022 Der weiche Ball aus BPA-freiem, lebensmittelechtem Silikon l\u00e4sst sich einfach drehen und bietet eine sanftere Alternative<\/p>\n","protected":false},"excerpt":{"rendered":"<p>Beissring mit geometrischen Formen, aus Buchenholz und Silikon, \u00d8 8 cm, ab 3 Monaten<\/p>\n","protected":false},"featured_media":13588,"template":"","meta":[],"product_brand":[],"product_cat":[62,1018,1026,59],"product_tag":[324],"woo-feed-brand":[],"class_list":{"0":"post-13587","1":"product","2":"type-product","3":"status-publish","4":"has-post-thumbnail","6":"product_cat-spielzeug","7":"product_cat-ostern","8":"product_cat-osternest","9":"product_cat-kids","10":"product_tag-marein-ag","12":"first","13":"instock","14":"taxable","15":"shipping-taxable","16":"purchasable","17":"product-type-simple"},"_links":{"self":[{"href":"https:\/\/fh-staging.vengo.cloud\/de-ch\/wp-json\/wp\/v2\/product\/13587","targetHints":{"allow":["GET"]}}],"collection":[{"href":"https:\/\/fh-staging.vengo.cloud\/de-ch\/wp-json\/wp\/v2\/product"}],"about":[{"href":"https:\/\/fh-staging.vengo.cloud\/de-ch\/wp-json\/wp\/v2\/types\/product"}],"wp:featuredmedia":[{"embeddable":true,"href":"https:\/\/fh-staging.vengo.cloud\/de-ch\/wp-json\/wp\/v2\/media\/13588"}],"wp:attachment":[{"href":"https:\/\/fh-staging.vengo.cloud\/de-ch\/wp-json\/wp\/v2\/media?parent=13587"}],"wp:term":[{"taxonomy":"product_brand","embeddable":true,"href":"https:\/\/fh-staging.vengo.cloud\/de-ch\/wp-json\/wp\/v2\/product_brand?post=13587"},{"taxonomy":"product_cat","embeddable":true,"href":"https:\/\/fh-staging.vengo.cloud\/de-ch\/wp-json\/wp\/v2\/product_cat?post=13587"},{"taxonomy":"product_tag","embeddable":true,"href":"https:\/\/fh-staging.vengo.cloud\/de-ch\/wp-json\/wp\/v2\/product_tag?post=13587"},{"taxonomy":"woo-feed-brand","embeddable":true,"href":"https:\/\/fh-staging.vengo.cloud\/de-ch\/wp-json\/wp\/v2\/woo-feed-brand?post=13587"}],"curies":[{"name":"wp","href":"https:\/\/api.w.org\/{rel}","templated":true}]}}