{"id":13544,"date":"2023-07-14T11:59:38","date_gmt":"2023-07-14T11:59:38","guid":{"rendered":"https:\/\/fh-staging.vengo.cloud\/?product=zusammenfaltbarer-cremefarbener-waschekorb"},"modified":"2026-01-05T14:10:26","modified_gmt":"2026-01-05T13:10:26","slug":"zusammenfaltbarer-cremefarbener-waschekorb","status":"publish","type":"product","link":"https:\/\/fh-staging.vengo.cloud\/de-ch\/p\/zusammenfaltbarer-cremefarbener-waschekorb","title":{"rendered":"Zusammenfaltbarer cremefarbener W\u00e4schekorb"},"content":{"rendered":"<p style=\"text-align: left\">F\u00fcr einen unaufgeregten Look im Badezimmer sorgt dieser h\u00fcbsche W\u00e4schekorb aus Baumwolle mit stabilem Metallgestell. Dank dem Gewicht im Deckel kann der W\u00e4schekorb geschlossen werden, um schlechte Ger\u00fcche zu vermeiden. Die plastifizierte Innenseite des W\u00e4schekorbes ist schmutzabweisend und verhindert, dass der Stoff Ger\u00fcche und Schmutz annimmt. Zum einfachen Tragen in die Waschk\u00fcche kann der Korb zusammengefaltet werden.<\/p>\n<p style=\"text-align: left\">\u2022 Zusammenfaltbar zum einfachen Transport<br \/>\n\u2022 Stabil und ger\u00e4umig<br \/>\n\u2022 Plastifizierte, schmutzabweisende Innenseite<br \/>\n\u2022 Mit Gewicht im Deckel, zum einfachen Verschliessen<br \/>\n\u2022 Stylische Erg\u00e4nzung im Badezimmer, Schlafzimmer oder Kinderzimmer<br \/>\n\u2022 Masse: H 66 x B 45 x T 40 cm<\/p>\n","protected":false},"excerpt":{"rendered":"<p>Zusammenfaltbarer cremefarbener W\u00e4schekorb aus Baumwolle, mit stabilem, schwarzem Metallgestell und Deckel mit Gewicht, H 66 x B 45 x T 40 cm<\/p>\n","protected":false},"featured_media":13545,"template":"","meta":[],"product_brand":[],"product_cat":[31,23,32],"product_tag":[324],"woo-feed-brand":[],"class_list":{"0":"post-13544","1":"product","2":"type-product","3":"status-publish","4":"has-post-thumbnail","6":"product_cat-heimtextilien","7":"product_cat-home-living","8":"product_cat-aufbewahrung","9":"product_tag-marein-ag","11":"first","12":"instock","13":"taxable","14":"shipping-taxable","15":"purchasable","16":"product-type-simple"},"_links":{"self":[{"href":"https:\/\/fh-staging.vengo.cloud\/de-ch\/wp-json\/wp\/v2\/product\/13544","targetHints":{"allow":["GET"]}}],"collection":[{"href":"https:\/\/fh-staging.vengo.cloud\/de-ch\/wp-json\/wp\/v2\/product"}],"about":[{"href":"https:\/\/fh-staging.vengo.cloud\/de-ch\/wp-json\/wp\/v2\/types\/product"}],"wp:featuredmedia":[{"embeddable":true,"href":"https:\/\/fh-staging.vengo.cloud\/de-ch\/wp-json\/wp\/v2\/media\/13545"}],"wp:attachment":[{"href":"https:\/\/fh-staging.vengo.cloud\/de-ch\/wp-json\/wp\/v2\/media?parent=13544"}],"wp:term":[{"taxonomy":"product_brand","embeddable":true,"href":"https:\/\/fh-staging.vengo.cloud\/de-ch\/wp-json\/wp\/v2\/product_brand?post=13544"},{"taxonomy":"product_cat","embeddable":true,"href":"https:\/\/fh-staging.vengo.cloud\/de-ch\/wp-json\/wp\/v2\/product_cat?post=13544"},{"taxonomy":"product_tag","embeddable":true,"href":"https:\/\/fh-staging.vengo.cloud\/de-ch\/wp-json\/wp\/v2\/product_tag?post=13544"},{"taxonomy":"woo-feed-brand","embeddable":true,"href":"https:\/\/fh-staging.vengo.cloud\/de-ch\/wp-json\/wp\/v2\/woo-feed-brand?post=13544"}],"curies":[{"name":"wp","href":"https:\/\/api.w.org\/{rel}","templated":true}]}}