{"id":13428,"date":"2023-07-04T19:56:59","date_gmt":"2023-07-04T19:56:59","guid":{"rendered":"https:\/\/fh-staging.vengo.cloud\/?product=papierblumen-large"},"modified":"2025-04-01T05:40:14","modified_gmt":"2025-04-01T03:40:14","slug":"papierblumen-large","status":"publish","type":"product","link":"https:\/\/fh-staging.vengo.cloud\/de-ch\/p\/papierblumen-large","title":{"rendered":"Papierblumen \u2013 large"},"content":{"rendered":"<p style=\"text-align: left\">F\u00fcr diesen Blumenstrauss oder f\u00fcr einen sch\u00f6nen Kranz ben\u00f6tigst du lediglich den Inhalt dieses Sets. Es muss nichts geschnitten, nichts geklebt werden, alles ist vorgestanzt und geritzt und die Bl\u00fctenstiele \u2013 der Draht \u2013 sind bereits im Lieferumfang enthalten. Schneide den Blumendraht auf die gew\u00fcnschte L\u00e4nge ab, f\u00e4dele ihn durch die vorgestanzten Schlitze und stelle deinen Strauss selbst zusammen. Auf den Fotos siehst du zwei Str\u00e4usse: einen mit 2 FIELD-Sets und einen sch\u00f6nen und dezenten mit 1 FIELD-Set. Auch lose \u2013 als Einzelblume in einer Vase \u2013 sind die Blumen ein dezenter Blickfang in deinem Wohnzimmer.<\/p>\n<p style=\"text-align: left\"><strong>Nachhaltig mal zwei<\/strong><\/p>\n<p style=\"text-align: left\">FIELD ist ein doppelt nachhaltiger Blumenstrauss: Die Blumen verwelken nicht und werden mit Bio-Tinte auf FSC-zertifiziertem Papier gedruckt.<\/p>\n<p style=\"text-align: left\">Dar\u00fcber hinaus ist FIELD Large das ideale Briefkastengeschenk, da das flache A4-Format problemlos in einem Umschlag verschickt werden kann.<\/p>\n<p style=\"text-align: left\"><strong>Die Info\u00a0<\/strong><\/p>\n<p style=\"text-align: left\">F\u00fcnf A4-Karten mit insgesamt 12 ausgestanzten Blumen.<\/p>\n<p style=\"text-align: left\">Inklusive 6,00 m Blumendraht.<\/p>\n<p style=\"text-align: left\">Die gr\u00f6\u00dfte Distel hat im gefalteten Zustand einen Durchmesser von 8 cm.<\/p>\n<p style=\"text-align: left\">Der gr\u00f6\u00dfte Schilfrohrbusch ist gefaltet 10 cm lang.<\/p>\n<p style=\"text-align: left\">Der Zweig mit runden Bl\u00e4ttern ist 28 cm lang.<\/p>\n<p style=\"text-align: left\">Die gro\u00dfe Iris ist 11 cm hoch und 7,5 cm breit.<\/p>\n","protected":false},"excerpt":{"rendered":"<p>Papierblumen \u2013 large<\/p>\n","protected":false},"featured_media":13429,"template":"","meta":[],"product_brand":[],"product_cat":[107,23,26],"product_tag":[312],"woo-feed-brand":[],"class_list":{"0":"post-13428","1":"product","2":"type-product","3":"status-publish","4":"has-post-thumbnail","6":"product_cat-kunstblumen","7":"product_cat-home-living","8":"product_cat-blumen-pflanzen","9":"product_tag-zimmermann-flaach-ag-blumen-gartenbau","11":"first","12":"instock","13":"taxable","14":"shipping-taxable","15":"purchasable","16":"product-type-simple"},"_links":{"self":[{"href":"https:\/\/fh-staging.vengo.cloud\/de-ch\/wp-json\/wp\/v2\/product\/13428","targetHints":{"allow":["GET"]}}],"collection":[{"href":"https:\/\/fh-staging.vengo.cloud\/de-ch\/wp-json\/wp\/v2\/product"}],"about":[{"href":"https:\/\/fh-staging.vengo.cloud\/de-ch\/wp-json\/wp\/v2\/types\/product"}],"wp:featuredmedia":[{"embeddable":true,"href":"https:\/\/fh-staging.vengo.cloud\/de-ch\/wp-json\/wp\/v2\/media\/13429"}],"wp:attachment":[{"href":"https:\/\/fh-staging.vengo.cloud\/de-ch\/wp-json\/wp\/v2\/media?parent=13428"}],"wp:term":[{"taxonomy":"product_brand","embeddable":true,"href":"https:\/\/fh-staging.vengo.cloud\/de-ch\/wp-json\/wp\/v2\/product_brand?post=13428"},{"taxonomy":"product_cat","embeddable":true,"href":"https:\/\/fh-staging.vengo.cloud\/de-ch\/wp-json\/wp\/v2\/product_cat?post=13428"},{"taxonomy":"product_tag","embeddable":true,"href":"https:\/\/fh-staging.vengo.cloud\/de-ch\/wp-json\/wp\/v2\/product_tag?post=13428"},{"taxonomy":"woo-feed-brand","embeddable":true,"href":"https:\/\/fh-staging.vengo.cloud\/de-ch\/wp-json\/wp\/v2\/woo-feed-brand?post=13428"}],"curies":[{"name":"wp","href":"https:\/\/api.w.org\/{rel}","templated":true}]}}