{"id":13423,"date":"2023-07-04T19:52:59","date_gmt":"2023-07-04T19:52:59","guid":{"rendered":"https:\/\/fh-staging.vengo.cloud\/?product=papierblumen-small-browns"},"modified":"2025-04-01T05:40:17","modified_gmt":"2025-04-01T03:40:17","slug":"papierblumen-small-browns","status":"publish","type":"product","link":"https:\/\/fh-staging.vengo.cloud\/de-ch\/p\/papierblumen-small-browns","title":{"rendered":"Papierblumen \u2013 small browns"},"content":{"rendered":"<p style=\"text-align: left\"><strong>Papierblumen\u00a0\u2013 kleine Braunt\u00f6ne<\/strong><\/p>\n<p style=\"text-align: left\">Der s\u00fcsseste Strauss in trendigen Erdt\u00f6nen<\/p>\n<p style=\"text-align: left\">F\u00fcr einen s\u00fcssen kleinen Blumenstrauss oder einen dezenten Kranz ben\u00f6tigst du nur den Inhalt dieses Sets. Es muss nichts geschnitten, nichts geklebt werden, alles ist vorgestanzt und geritzt und die Bl\u00fctenstiele \u2013 der Draht \u2013 sind bereits im Lieferumfang enthalten.<\/p>\n<p style=\"text-align: left\">Schneide den Blumendraht auf die gew\u00fcnschte L\u00e4nge zu, f\u00e4dele ihn durch die vorgestanzten Schlitze und stelle deinen Blumenstrauss selbst zusammen. Auch lose \u2013 als Einzelblume in einer Vase \u2013 sind die Blumen ein dezenter Blickfang in deinem Wohnzimmer.<\/p>\n<p style=\"text-align: left\"><strong>Briefkastenstrauss<\/strong><\/p>\n<p style=\"text-align: left\">FIELD ist ein doppelt nachhaltiger Blumenstrauss: Die Blumen verwelken nicht und werden mit Bio-Tinte auf FSC-zertifiziertem Papier gedruckt.<\/p>\n<p style=\"text-align: left\">FIELD small ist das ideale Briefkastengeschenk, eine ganz besondere \u201eGrusskarte\u201c, die sich bei Ankunft in einen s\u00fcssen Blumenstrauss verwandeln l\u00e4sst. Das flache A-5-Format l\u00e4sst sich einfach in einem Umschlag versenden.<\/p>\n<p style=\"text-align: left\">Zwei A5-Karten mit insgesamt 4 ausgestanzten Blumen.<\/p>\n<p style=\"text-align: left\">Inklusive 3 m Blumendraht.<\/p>\n<p style=\"text-align: left\">Die Distel hat einen gefalteten Durchmesser von 5,5 cm.<\/p>\n<p style=\"text-align: left\">Der Schilfrohrbusch ist gefaltet 8 cm lang.<\/p>\n<p style=\"text-align: left\">Der Zweig mit runden Bl\u00e4ttern ist 21,5 cm lang.<\/p>\n<p style=\"text-align: left\">Die Schlaufe ist 6,5 cm hoch und 5 cm breit<\/p>\n","protected":false},"excerpt":{"rendered":"<p>Papierblumen \u2013 small browns<\/p>\n","protected":false},"featured_media":13424,"template":"","meta":[],"product_brand":[],"product_cat":[107,23,26],"product_tag":[312],"woo-feed-brand":[],"class_list":{"0":"post-13423","1":"product","2":"type-product","3":"status-publish","4":"has-post-thumbnail","6":"product_cat-kunstblumen","7":"product_cat-home-living","8":"product_cat-blumen-pflanzen","9":"product_tag-zimmermann-flaach-ag-blumen-gartenbau","11":"first","12":"instock","13":"taxable","14":"shipping-taxable","15":"purchasable","16":"product-type-simple"},"_links":{"self":[{"href":"https:\/\/fh-staging.vengo.cloud\/de-ch\/wp-json\/wp\/v2\/product\/13423","targetHints":{"allow":["GET"]}}],"collection":[{"href":"https:\/\/fh-staging.vengo.cloud\/de-ch\/wp-json\/wp\/v2\/product"}],"about":[{"href":"https:\/\/fh-staging.vengo.cloud\/de-ch\/wp-json\/wp\/v2\/types\/product"}],"wp:featuredmedia":[{"embeddable":true,"href":"https:\/\/fh-staging.vengo.cloud\/de-ch\/wp-json\/wp\/v2\/media\/13424"}],"wp:attachment":[{"href":"https:\/\/fh-staging.vengo.cloud\/de-ch\/wp-json\/wp\/v2\/media?parent=13423"}],"wp:term":[{"taxonomy":"product_brand","embeddable":true,"href":"https:\/\/fh-staging.vengo.cloud\/de-ch\/wp-json\/wp\/v2\/product_brand?post=13423"},{"taxonomy":"product_cat","embeddable":true,"href":"https:\/\/fh-staging.vengo.cloud\/de-ch\/wp-json\/wp\/v2\/product_cat?post=13423"},{"taxonomy":"product_tag","embeddable":true,"href":"https:\/\/fh-staging.vengo.cloud\/de-ch\/wp-json\/wp\/v2\/product_tag?post=13423"},{"taxonomy":"woo-feed-brand","embeddable":true,"href":"https:\/\/fh-staging.vengo.cloud\/de-ch\/wp-json\/wp\/v2\/woo-feed-brand?post=13423"}],"curies":[{"name":"wp","href":"https:\/\/api.w.org\/{rel}","templated":true}]}}