{"id":13405,"date":"2023-07-04T14:13:29","date_gmt":"2023-07-04T12:13:29","guid":{"rendered":"https:\/\/fh-staging.vengo.cloud\/?product=microgreen-anzuchtset-sprossenbox"},"modified":"2025-04-01T05:40:31","modified_gmt":"2025-04-01T03:40:31","slug":"microgreen-anzuchtset-sprossenbox","status":"publish","type":"product","link":"https:\/\/fh-staging.vengo.cloud\/de-ch\/p\/microgreen-anzuchtset-sprossenbox","title":{"rendered":"Microgreen-Anzuchtset &#8218;Sprossenbox&#8216;"},"content":{"rendered":"<p>SPROSSENBOX<br \/>\nEinfache Kultivierung von knackig-frischen Sprossen<\/p>\n<p>VERZEHRFERTIG IN CA. 2-10 TAGEN MIT SPROSSENANBAU<\/p>\n<p>Die Sprossenbox von SPERLI sorgt f\u00fcr die optimale Bew\u00e4sserung Ihrer Sprossen. Stellen Sie das Gef\u00e4\u00df an einen hellen Ort ohne direkte Sonneneinstrahlung. Bis zur Ernte sollten Sie t\u00e4glich 2- bis 3-mal sp\u00fclen. Tipp: Lassen Sie die Keimsaat \u00fcber Nacht in Wasser quellen. Die verzehrfertigen Sprossen sind im K\u00fchlschrank einige Tage haltbar. Bevor Sie sie genie\u00dfen, sollten Sie sie noch einmal gr\u00fcndlich sp\u00fclen.<\/p>\n","protected":false},"excerpt":{"rendered":"<p>Zur Kultivierung von knackig-frischen Sprossen aus Samen<\/p>\n","protected":false},"featured_media":46759,"template":"","meta":[],"product_brand":[],"product_cat":[47,42,885,44],"product_tag":[289],"woo-feed-brand":[],"class_list":{"0":"post-13405","1":"product","2":"type-product","3":"status-publish","4":"has-post-thumbnail","6":"product_cat-kuechenaromen","7":"product_cat-kueche","8":"product_cat-koestlichkeiten","9":"product_cat-kuechenhelfer","10":"product_tag-blumengarten-kung-ag","12":"first","13":"instock","14":"taxable","15":"shipping-taxable","16":"purchasable","17":"product-type-simple"},"_links":{"self":[{"href":"https:\/\/fh-staging.vengo.cloud\/de-ch\/wp-json\/wp\/v2\/product\/13405","targetHints":{"allow":["GET"]}}],"collection":[{"href":"https:\/\/fh-staging.vengo.cloud\/de-ch\/wp-json\/wp\/v2\/product"}],"about":[{"href":"https:\/\/fh-staging.vengo.cloud\/de-ch\/wp-json\/wp\/v2\/types\/product"}],"wp:featuredmedia":[{"embeddable":true,"href":"https:\/\/fh-staging.vengo.cloud\/de-ch\/wp-json\/wp\/v2\/media\/46759"}],"wp:attachment":[{"href":"https:\/\/fh-staging.vengo.cloud\/de-ch\/wp-json\/wp\/v2\/media?parent=13405"}],"wp:term":[{"taxonomy":"product_brand","embeddable":true,"href":"https:\/\/fh-staging.vengo.cloud\/de-ch\/wp-json\/wp\/v2\/product_brand?post=13405"},{"taxonomy":"product_cat","embeddable":true,"href":"https:\/\/fh-staging.vengo.cloud\/de-ch\/wp-json\/wp\/v2\/product_cat?post=13405"},{"taxonomy":"product_tag","embeddable":true,"href":"https:\/\/fh-staging.vengo.cloud\/de-ch\/wp-json\/wp\/v2\/product_tag?post=13405"},{"taxonomy":"woo-feed-brand","embeddable":true,"href":"https:\/\/fh-staging.vengo.cloud\/de-ch\/wp-json\/wp\/v2\/woo-feed-brand?post=13405"}],"curies":[{"name":"wp","href":"https:\/\/api.w.org\/{rel}","templated":true}]}}