{"id":13402,"date":"2023-07-04T14:13:28","date_gmt":"2023-07-04T12:13:28","guid":{"rendered":"https:\/\/fh-staging.vengo.cloud\/?product=microgreen-pads-senf-3-pads"},"modified":"2025-04-01T05:40:34","modified_gmt":"2025-04-01T03:40:34","slug":"microgreen-pads-senf-3-pads","status":"publish","type":"product","link":"https:\/\/fh-staging.vengo.cloud\/de-ch\/p\/microgreen-pads-senf-3-pads","title":{"rendered":"Microgreen-Pads &#8218;Senf&#8216; &#8211; 3 Pads"},"content":{"rendered":"<p>Sinapis alba<br \/>\nSENF<\/p>\n<p>scharf-w\u00fcrziger Geschmack<\/p>\n<p>3 BIO-Keimpads zur ganzj\u00e4hrigen, einfachen und schnellen Anzucht von Microgreens.<\/p>\n<p>Pad gleichm\u00e4ssig und vorsichtig mit Wasser \u00fcbergiessen und stetig feucht halten. Gef\u00e4ss mit Abdeckung an einen hellen Ort ohne direkte Sonneneinstrahlung stellen. Abdeckung entfernen, sobald die ersten Microgreens den Deckel erreicht haben.<\/p>\n<p>DE-OKO-013 \/ Nicht-EU-Landwirtschaft<\/p>\n","protected":false},"excerpt":{"rendered":"<p>BIO-Keimpads zur ganzj\u00e4hrigen, einfachen und schnellen Anzucht von Microgreens.<\/p>\n","protected":false},"featured_media":46699,"template":"","meta":[],"product_brand":[],"product_cat":[47,42,885],"product_tag":[289],"woo-feed-brand":[],"class_list":{"0":"post-13402","1":"product","2":"type-product","3":"status-publish","4":"has-post-thumbnail","6":"product_cat-kuechenaromen","7":"product_cat-kueche","8":"product_cat-koestlichkeiten","9":"product_tag-blumengarten-kung-ag","11":"first","12":"instock","13":"taxable","14":"shipping-taxable","15":"purchasable","16":"product-type-simple"},"_links":{"self":[{"href":"https:\/\/fh-staging.vengo.cloud\/de-ch\/wp-json\/wp\/v2\/product\/13402","targetHints":{"allow":["GET"]}}],"collection":[{"href":"https:\/\/fh-staging.vengo.cloud\/de-ch\/wp-json\/wp\/v2\/product"}],"about":[{"href":"https:\/\/fh-staging.vengo.cloud\/de-ch\/wp-json\/wp\/v2\/types\/product"}],"wp:featuredmedia":[{"embeddable":true,"href":"https:\/\/fh-staging.vengo.cloud\/de-ch\/wp-json\/wp\/v2\/media\/46699"}],"wp:attachment":[{"href":"https:\/\/fh-staging.vengo.cloud\/de-ch\/wp-json\/wp\/v2\/media?parent=13402"}],"wp:term":[{"taxonomy":"product_brand","embeddable":true,"href":"https:\/\/fh-staging.vengo.cloud\/de-ch\/wp-json\/wp\/v2\/product_brand?post=13402"},{"taxonomy":"product_cat","embeddable":true,"href":"https:\/\/fh-staging.vengo.cloud\/de-ch\/wp-json\/wp\/v2\/product_cat?post=13402"},{"taxonomy":"product_tag","embeddable":true,"href":"https:\/\/fh-staging.vengo.cloud\/de-ch\/wp-json\/wp\/v2\/product_tag?post=13402"},{"taxonomy":"woo-feed-brand","embeddable":true,"href":"https:\/\/fh-staging.vengo.cloud\/de-ch\/wp-json\/wp\/v2\/woo-feed-brand?post=13402"}],"curies":[{"name":"wp","href":"https:\/\/api.w.org\/{rel}","templated":true}]}}