{"id":13387,"date":"2023-07-04T14:13:22","date_gmt":"2023-07-04T12:13:22","guid":{"rendered":"https:\/\/fh-staging.vengo.cloud\/?product=microgreen-pads-radies-3-pads"},"modified":"2025-04-01T05:40:45","modified_gmt":"2025-04-01T03:40:45","slug":"microgreen-pads-radies-3-pads","status":"publish","type":"product","link":"https:\/\/fh-staging.vengo.cloud\/de-ch\/p\/microgreen-pads-radies-3-pads","title":{"rendered":"Microgreen-Pads &#8218;Radies&#8216; &#8211; 3 Pads"},"content":{"rendered":"<p>Kr\u00e4ftig-w\u00fcrziger, leicht scharfer Geschmack<\/p>\n<p>Raphanus sativus<br \/>\nRADiES<\/p>\n<p>3 BIO-Keimpads zur ganzj\u00e4hrigen, einfachen und schnellen Anzucht von Microgreens<\/p>\n<p>Pad gleichm\u00e4\u00dfig und vorsichtig mit Wasser \u00fcbergie\u00dfen und stetig feucht halten. Gef\u00e4\u00df mit Ab-<br \/>\ndeckung an einen hellen Ort ohne direkte Sonneneinstrahlung stellen. Abdeckung entfernen, sobald<br \/>\ndie ersten Microgreens den Deckel erreicht haben.<\/p>\n<p>DE-\u00d6KO-003 \/ EU-Landwirtschaft<\/p>\n","protected":false},"excerpt":{"rendered":"<p>Bio<\/p>\n","protected":false},"featured_media":46695,"template":"","meta":[],"product_brand":[],"product_cat":[42,47,885],"product_tag":[289],"woo-feed-brand":[],"class_list":{"0":"post-13387","1":"product","2":"type-product","3":"status-publish","4":"has-post-thumbnail","6":"product_cat-kueche","7":"product_cat-kuechenaromen","8":"product_cat-koestlichkeiten","9":"product_tag-blumengarten-kung-ag","11":"first","12":"instock","13":"taxable","14":"shipping-taxable","15":"purchasable","16":"product-type-simple"},"_links":{"self":[{"href":"https:\/\/fh-staging.vengo.cloud\/de-ch\/wp-json\/wp\/v2\/product\/13387","targetHints":{"allow":["GET"]}}],"collection":[{"href":"https:\/\/fh-staging.vengo.cloud\/de-ch\/wp-json\/wp\/v2\/product"}],"about":[{"href":"https:\/\/fh-staging.vengo.cloud\/de-ch\/wp-json\/wp\/v2\/types\/product"}],"wp:featuredmedia":[{"embeddable":true,"href":"https:\/\/fh-staging.vengo.cloud\/de-ch\/wp-json\/wp\/v2\/media\/46695"}],"wp:attachment":[{"href":"https:\/\/fh-staging.vengo.cloud\/de-ch\/wp-json\/wp\/v2\/media?parent=13387"}],"wp:term":[{"taxonomy":"product_brand","embeddable":true,"href":"https:\/\/fh-staging.vengo.cloud\/de-ch\/wp-json\/wp\/v2\/product_brand?post=13387"},{"taxonomy":"product_cat","embeddable":true,"href":"https:\/\/fh-staging.vengo.cloud\/de-ch\/wp-json\/wp\/v2\/product_cat?post=13387"},{"taxonomy":"product_tag","embeddable":true,"href":"https:\/\/fh-staging.vengo.cloud\/de-ch\/wp-json\/wp\/v2\/product_tag?post=13387"},{"taxonomy":"woo-feed-brand","embeddable":true,"href":"https:\/\/fh-staging.vengo.cloud\/de-ch\/wp-json\/wp\/v2\/woo-feed-brand?post=13387"}],"curies":[{"name":"wp","href":"https:\/\/api.w.org\/{rel}","templated":true}]}}