{"id":13381,"date":"2023-07-04T14:13:19","date_gmt":"2023-07-04T12:13:19","guid":{"rendered":"https:\/\/fh-staging.vengo.cloud\/?product=keimsprossen-saat-pikante-mischung-30gr"},"modified":"2025-04-01T05:40:51","modified_gmt":"2025-04-01T03:40:51","slug":"keimsprossen-saat-pikante-mischung-30gr","status":"publish","type":"product","link":"https:\/\/fh-staging.vengo.cloud\/de-ch\/p\/keimsprossen-saat-pikante-mischung-30gr","title":{"rendered":"Keimsprossen-Saat 30gr &#8218;Pikante Mischung&#8216;"},"content":{"rendered":"<p>Keimsprossen-Saat<br \/>\nPIKANTE MISCHUNG<\/p>\n<p>pikant-w\u00fcrziger Geschmack<\/p>\n<p>BIO-Keimsaat zur ganzj\u00e4hrigen, einfachen und schnellen Anzucht von Keimsprossen<\/p>\n<p>40% Mungbohnen* 20% Rettich* 20% Linsen* 20% Senf*. Das Gef\u00e4\u00df an einen hellen Ort ohne di-<br \/>\nrekte Sonneneinstrahlung stellen. Bis zur Ernte t\u00e4glich 2- bis 3-Mal sp\u00fclen. Tipps: Keimsaat eine Nacht in Wasser vorquellen. Verzehrfertige Sprossen sind im K\u00fchlschrank einige Tage haltbar. Sie sollten vor dem Verzehr nochmals gesp\u00fclt werden.<\/p>\n<p>DE-OKO-013 \/ EU-\/Nicht-EU-Landwirtschaft<\/p>\n","protected":false},"excerpt":{"rendered":"<p>Bio<\/p>\n","protected":false},"featured_media":46733,"template":"","meta":[],"product_brand":[],"product_cat":[47,42,885],"product_tag":[289],"woo-feed-brand":[],"class_list":{"0":"post-13381","1":"product","2":"type-product","3":"status-publish","4":"has-post-thumbnail","6":"product_cat-kuechenaromen","7":"product_cat-kueche","8":"product_cat-koestlichkeiten","9":"product_tag-blumengarten-kung-ag","11":"first","12":"instock","13":"taxable","14":"shipping-taxable","15":"purchasable","16":"product-type-simple"},"_links":{"self":[{"href":"https:\/\/fh-staging.vengo.cloud\/de-ch\/wp-json\/wp\/v2\/product\/13381","targetHints":{"allow":["GET"]}}],"collection":[{"href":"https:\/\/fh-staging.vengo.cloud\/de-ch\/wp-json\/wp\/v2\/product"}],"about":[{"href":"https:\/\/fh-staging.vengo.cloud\/de-ch\/wp-json\/wp\/v2\/types\/product"}],"wp:featuredmedia":[{"embeddable":true,"href":"https:\/\/fh-staging.vengo.cloud\/de-ch\/wp-json\/wp\/v2\/media\/46733"}],"wp:attachment":[{"href":"https:\/\/fh-staging.vengo.cloud\/de-ch\/wp-json\/wp\/v2\/media?parent=13381"}],"wp:term":[{"taxonomy":"product_brand","embeddable":true,"href":"https:\/\/fh-staging.vengo.cloud\/de-ch\/wp-json\/wp\/v2\/product_brand?post=13381"},{"taxonomy":"product_cat","embeddable":true,"href":"https:\/\/fh-staging.vengo.cloud\/de-ch\/wp-json\/wp\/v2\/product_cat?post=13381"},{"taxonomy":"product_tag","embeddable":true,"href":"https:\/\/fh-staging.vengo.cloud\/de-ch\/wp-json\/wp\/v2\/product_tag?post=13381"},{"taxonomy":"woo-feed-brand","embeddable":true,"href":"https:\/\/fh-staging.vengo.cloud\/de-ch\/wp-json\/wp\/v2\/woo-feed-brand?post=13381"}],"curies":[{"name":"wp","href":"https:\/\/api.w.org\/{rel}","templated":true}]}}