{"id":13356,"date":"2023-07-04T14:13:08","date_gmt":"2023-07-04T12:13:08","guid":{"rendered":"https:\/\/fh-staging.vengo.cloud\/?product=microgreen-saat-kresse"},"modified":"2025-08-02T00:08:14","modified_gmt":"2025-08-01T22:08:14","slug":"microgreen-saat-kresse","status":"publish","type":"product","link":"https:\/\/fh-staging.vengo.cloud\/de-ch\/p\/microgreen-saat-kresse","title":{"rendered":"Microgreen-Saat 200gr &#8218;Kresse&#8216;"},"content":{"rendered":"<p>Lepidium sativum<br \/>\nKRESSE<\/p>\n<p>BIO-Keimsaat zur ganzj\u00e4hrigen, einfachen und schnellen Anzucht von Microgreens. Gef\u00e4ss bis zur Saatguth\u00f6he mit Wasser anf\u00fcllen bis das Gitter von unten mit Wasser benetzt ist. Das Gef\u00e4ss an einen hellen Ort ohne direkte Sonneneinstrahlung stellen. Bei Bedarf verdunstetes Wasser nachf\u00fcllen.<\/p>\n<p>Tipp: Keimsaat eine Nacht in Wasser vorquellen.<\/p>\n","protected":false},"excerpt":{"rendered":"<p>Bio<\/p>\n","protected":false},"featured_media":46753,"template":"","meta":[],"product_brand":[],"product_cat":[47,1091,1088,42,885],"product_tag":[289],"woo-feed-brand":[],"class_list":{"0":"post-13356","1":"product","2":"type-product","3":"status-publish","4":"has-post-thumbnail","6":"product_cat-kuechenaromen","7":"product_cat-hobbykoch","8":"product_cat-vatertag","9":"product_cat-kueche","10":"product_cat-koestlichkeiten","11":"product_tag-blumengarten-kung-ag","13":"first","14":"instock","15":"taxable","16":"shipping-taxable","17":"purchasable","18":"product-type-simple"},"_links":{"self":[{"href":"https:\/\/fh-staging.vengo.cloud\/de-ch\/wp-json\/wp\/v2\/product\/13356","targetHints":{"allow":["GET"]}}],"collection":[{"href":"https:\/\/fh-staging.vengo.cloud\/de-ch\/wp-json\/wp\/v2\/product"}],"about":[{"href":"https:\/\/fh-staging.vengo.cloud\/de-ch\/wp-json\/wp\/v2\/types\/product"}],"wp:featuredmedia":[{"embeddable":true,"href":"https:\/\/fh-staging.vengo.cloud\/de-ch\/wp-json\/wp\/v2\/media\/46753"}],"wp:attachment":[{"href":"https:\/\/fh-staging.vengo.cloud\/de-ch\/wp-json\/wp\/v2\/media?parent=13356"}],"wp:term":[{"taxonomy":"product_brand","embeddable":true,"href":"https:\/\/fh-staging.vengo.cloud\/de-ch\/wp-json\/wp\/v2\/product_brand?post=13356"},{"taxonomy":"product_cat","embeddable":true,"href":"https:\/\/fh-staging.vengo.cloud\/de-ch\/wp-json\/wp\/v2\/product_cat?post=13356"},{"taxonomy":"product_tag","embeddable":true,"href":"https:\/\/fh-staging.vengo.cloud\/de-ch\/wp-json\/wp\/v2\/product_tag?post=13356"},{"taxonomy":"woo-feed-brand","embeddable":true,"href":"https:\/\/fh-staging.vengo.cloud\/de-ch\/wp-json\/wp\/v2\/woo-feed-brand?post=13356"}],"curies":[{"name":"wp","href":"https:\/\/api.w.org\/{rel}","templated":true}]}}