{"id":13333,"date":"2023-07-04T14:12:57","date_gmt":"2023-07-04T12:12:57","guid":{"rendered":"https:\/\/fh-staging.vengo.cloud\/?product=microgreen-anzuchtset-duo-box"},"modified":"2025-04-01T05:41:45","modified_gmt":"2025-04-01T03:41:45","slug":"microgreen-anzuchtset-duo-box","status":"publish","type":"product","link":"https:\/\/fh-staging.vengo.cloud\/de-ch\/p\/microgreen-anzuchtset-duo-box","title":{"rendered":"Microgreen-Anzuchtset &#8218;Duo-Box&#8216;"},"content":{"rendered":"<p>MICROGREEN DUO-BOX<\/p>\n<p>Einfache und schnelle Anzucht von frischen Microgreens,<br \/>\ninklusive 2 BIO-Keimpads &amp; 1 Portion BIO-Keimsaat<\/p>\n<p>Kresse* (Lepidium sativum)<br \/>\nRauke* (Eruca sativa)<br \/>\nDaikon-Rettich* (Raphanus sativus)<\/p>\n<p>Wiederverwendbare Microgreen Duo-Box inkl. 2 x BIO-Keimpads (Kresse, Rauke)* sovie 1 x 5 g lose BIO-<br \/>\nKeimsaat (Daikon-Rettich)*<br \/>\nEs konnen Microgreens entweder mit loser Kr\u00e4uter- und Gem\u00fcsekeimsaat oder mit<br \/>\nKeimpads kultiviert werden. Die zwei Anzuchtgitter erm\u00f6glichen das zeitgleiche oder versetzte Anziehen unter-schiedlicher Sorten, sodass jederzeit frische Microgreens geerntet werden k\u00f6nnen. Pad\/Keimsaat gleichm\u00e4\u00dfig und vorsichtig mit Wasser \u00fcbergie\u00dfen und stetig feucht halten. Gef\u00e4\u00df mit Abdeckung an einen hellen Ort ohne direkte<br \/>\nSonneneinstrahlung stellen. Abdeckung entfernen, sobald die ersten Microgreens den Deckel erreicht haben.<\/p>\n<p>2 BIO-Keimpads* (Rauke, Kresse) zur ganzj\u00e4hrigen, einfachen und schnellen Anzucht von Microgreens.<br \/>\nMicrogreens, auch Gr\u00fcnkraut oder Mikrogr\u00fcn genannt, sind kleine, in der Regel zweibl\u00e4ttrige Keimlinge, die aus Gem\u00fcse- und Kr\u00e4utersamen gezogen werden. Mit ihren intensiven Aromen in Kombination mit ihrer geringen Gr\u00f6\u00dfe und ihrem farbenfrohen Aussehen setzen sie dekorative Geschmacksakzente bei verschiedenen Gerichten. Sie k\u00f6nnen vielf\u00e4ltig eingesetzt werden und verfeinern z.B. Smoothies, Salate oder Suppen.<\/p>\n<p>Die Microgreens werden geerntet (abgeschnitten), wenn sich nach den Keimbl\u00e4ttern das erste Blattpaar entwickelt hat oder sie eine Gr\u00f6\u00dfe von ca. 2,5 bis 7,5 cm erreicht haben. Anders als bei Keimsprossen wird lediglich der Aufwuchs ohne Wurzeln verzehrt, wie man es von Kresse kennt.<\/p>\n<p>Bitte verwende pro Anzucht immer nur ein Keimpad. Du kannst das Keimpad nach dem Ende des Anzuchtprozesses im Biom\u00fcll entsorgen.<\/p>\n<p>BIO-Anbau nach EU-\u00d6ko-Verordnung DE 05-560<br \/>\nPads vor W\u00e4rme sch\u00fctzen &amp; trocken lagern.<\/p>\n","protected":false},"excerpt":{"rendered":"<p>inklusive 2 BIO-Keimpads &amp; 1 Portion BIO-Keimsaat<\/p>\n","protected":false},"featured_media":46758,"template":"","meta":[],"product_brand":[],"product_cat":[47,42,885,44],"product_tag":[289],"woo-feed-brand":[],"class_list":{"0":"post-13333","1":"product","2":"type-product","3":"status-publish","4":"has-post-thumbnail","6":"product_cat-kuechenaromen","7":"product_cat-kueche","8":"product_cat-koestlichkeiten","9":"product_cat-kuechenhelfer","10":"product_tag-blumengarten-kung-ag","12":"first","13":"instock","14":"taxable","15":"shipping-taxable","16":"purchasable","17":"product-type-simple"},"_links":{"self":[{"href":"https:\/\/fh-staging.vengo.cloud\/de-ch\/wp-json\/wp\/v2\/product\/13333","targetHints":{"allow":["GET"]}}],"collection":[{"href":"https:\/\/fh-staging.vengo.cloud\/de-ch\/wp-json\/wp\/v2\/product"}],"about":[{"href":"https:\/\/fh-staging.vengo.cloud\/de-ch\/wp-json\/wp\/v2\/types\/product"}],"wp:featuredmedia":[{"embeddable":true,"href":"https:\/\/fh-staging.vengo.cloud\/de-ch\/wp-json\/wp\/v2\/media\/46758"}],"wp:attachment":[{"href":"https:\/\/fh-staging.vengo.cloud\/de-ch\/wp-json\/wp\/v2\/media?parent=13333"}],"wp:term":[{"taxonomy":"product_brand","embeddable":true,"href":"https:\/\/fh-staging.vengo.cloud\/de-ch\/wp-json\/wp\/v2\/product_brand?post=13333"},{"taxonomy":"product_cat","embeddable":true,"href":"https:\/\/fh-staging.vengo.cloud\/de-ch\/wp-json\/wp\/v2\/product_cat?post=13333"},{"taxonomy":"product_tag","embeddable":true,"href":"https:\/\/fh-staging.vengo.cloud\/de-ch\/wp-json\/wp\/v2\/product_tag?post=13333"},{"taxonomy":"woo-feed-brand","embeddable":true,"href":"https:\/\/fh-staging.vengo.cloud\/de-ch\/wp-json\/wp\/v2\/woo-feed-brand?post=13333"}],"curies":[{"name":"wp","href":"https:\/\/api.w.org\/{rel}","templated":true}]}}