{"id":13285,"date":"2023-07-02T11:52:53","date_gmt":"2023-07-02T11:52:53","guid":{"rendered":"https:\/\/fh-staging.vengo.cloud\/?product=massageseife-n1-olivae"},"modified":"2025-11-04T14:59:59","modified_gmt":"2025-11-04T13:59:59","slug":"massageseife-n1-olivae-2","status":"publish","type":"product","link":"https:\/\/fh-staging.vengo.cloud\/de-ch\/p\/massageseife-n1-olivae-2","title":{"rendered":"Massageseife N\u00b01 OLIVAE"},"content":{"rendered":"<div class=\"flex-shrink-0 flex flex-col relative items-end\">\n<div class=\"w-[30px]\">\n<div class=\"relative p-1 rounded-sm h-[30px] w-[30px] text-white flex items-center justify-center\" style=\"text-align: left;\">Die Olivenmassageseife ist eine pflegende und entspannende Reinigungsformel, die speziell f\u00fcr Massagen entwickelt wurde. Angereichert mit Oliven\u00f6l, spendet sie intensive Feuchtigkeit und n\u00e4hrt die Haut tiefgehend. Die Seife hat eine angenehm cremige Textur und erm\u00f6glicht eine geschmeidige Massage, w\u00e4hrend sie gleichzeitig sanft reinigt. Das Oliven\u00f6l hilft, die Haut zu regenerieren und zu beruhigen, und hinterl\u00e4sst ein seidiges und glattes Hautgef\u00fchl. Genie\u00dfen Sie das nat\u00fcrliche Aroma von Oliven und verw\u00f6hnen Sie Ihren K\u00f6rper mit der Olivenmassageseife f\u00fcr ein luxuri\u00f6ses und verw\u00f6hnendes Wellness-Erlebnis.<\/div>\n<div class=\"relative p-1 rounded-sm h-[30px] w-[30px] text-white flex items-center justify-center\" style=\"text-align: left;\"><\/div>\n<div class=\"relative p-1 rounded-sm h-[30px] w-[30px] text-white flex items-center justify-center\" style=\"text-align: left;\">120g.<\/div>\n<\/div>\n<\/div>\n","protected":false},"excerpt":{"rendered":"<p>N\u00b01 OLIVAE<\/p>\n","protected":false},"featured_media":13286,"template":"","meta":[],"product_brand":[],"product_cat":[49,1207,909,915,48],"product_tag":[322],"woo-feed-brand":[],"class_list":{"0":"post-13285","1":"product","2":"type-product","3":"status-publish","4":"has-post-thumbnail","6":"product_cat-seifen","7":"product_cat-unter-25-chf","8":"product_cat-weihnachten","9":"product_cat-wichteln","10":"product_cat-bad-wellness","11":"product_tag-primestudios","13":"first","14":"instock","15":"taxable","16":"shipping-taxable","17":"purchasable","18":"product-type-simple"},"_links":{"self":[{"href":"https:\/\/fh-staging.vengo.cloud\/de-ch\/wp-json\/wp\/v2\/product\/13285","targetHints":{"allow":["GET"]}}],"collection":[{"href":"https:\/\/fh-staging.vengo.cloud\/de-ch\/wp-json\/wp\/v2\/product"}],"about":[{"href":"https:\/\/fh-staging.vengo.cloud\/de-ch\/wp-json\/wp\/v2\/types\/product"}],"wp:featuredmedia":[{"embeddable":true,"href":"https:\/\/fh-staging.vengo.cloud\/de-ch\/wp-json\/wp\/v2\/media\/13286"}],"wp:attachment":[{"href":"https:\/\/fh-staging.vengo.cloud\/de-ch\/wp-json\/wp\/v2\/media?parent=13285"}],"wp:term":[{"taxonomy":"product_brand","embeddable":true,"href":"https:\/\/fh-staging.vengo.cloud\/de-ch\/wp-json\/wp\/v2\/product_brand?post=13285"},{"taxonomy":"product_cat","embeddable":true,"href":"https:\/\/fh-staging.vengo.cloud\/de-ch\/wp-json\/wp\/v2\/product_cat?post=13285"},{"taxonomy":"product_tag","embeddable":true,"href":"https:\/\/fh-staging.vengo.cloud\/de-ch\/wp-json\/wp\/v2\/product_tag?post=13285"},{"taxonomy":"woo-feed-brand","embeddable":true,"href":"https:\/\/fh-staging.vengo.cloud\/de-ch\/wp-json\/wp\/v2\/woo-feed-brand?post=13285"}],"curies":[{"name":"wp","href":"https:\/\/api.w.org\/{rel}","templated":true}]}}