{"id":13274,"date":"2023-06-29T06:56:27","date_gmt":"2023-06-29T06:56:27","guid":{"rendered":"https:\/\/fh-staging.vengo.cloud\/?product=hand-korperseife-n4-rosa"},"modified":"2025-11-04T14:28:19","modified_gmt":"2025-11-04T13:28:19","slug":"hand-korperseife-n4-rosa","status":"publish","type":"product","link":"https:\/\/fh-staging.vengo.cloud\/de-ch\/p\/hand-korperseife-n4-rosa","title":{"rendered":"Hand &amp; K\u00f6rperseife N\u00b04 ROSA"},"content":{"rendered":"<div class=\"flex-shrink-0 flex flex-col relative items-end\">\n<div class=\"w-[30px]\">\n<div class=\"relative p-1 rounded-sm h-[30px] w-[30px] text-white flex items-center justify-center\" style=\"text-align: left;\">Rosen Hand- und K\u00f6rperseife ist eine luxuri\u00f6se Reinigungsformel, die speziell entwickelt wurde, um Ihre H\u00e4nde und Ihren K\u00f6rper sanft und gr\u00fcndlich zu reinigen. Angereichert mit dem bet\u00f6renden Duft von Rosen, hinterl\u00e4sst sie Ihre Haut erfrischt, geschmeidig und wunderbar duftend. Die Seife enth\u00e4lt hochwertige Inhaltsstoffe, die Ihre Haut mit Feuchtigkeit versorgen und sie vor dem Austrocknen sch\u00fctzen. Genie\u00dfen Sie das verw\u00f6hnende Erlebnis und pflegen Sie Ihre Haut mit der Rosen Hand- und K\u00f6rperseife.<\/div>\n<\/div>\n<\/div>\n","protected":false},"excerpt":{"rendered":"<p>N\u00b04 ROSA<\/p>\n","protected":false},"featured_media":13275,"template":"","meta":[],"product_brand":[],"product_cat":[49,1207,909,915,48],"product_tag":[322],"woo-feed-brand":[],"class_list":{"0":"post-13274","1":"product","2":"type-product","3":"status-publish","4":"has-post-thumbnail","6":"product_cat-seifen","7":"product_cat-unter-25-chf","8":"product_cat-weihnachten","9":"product_cat-wichteln","10":"product_cat-bad-wellness","11":"product_tag-primestudios","13":"first","14":"instock","15":"taxable","16":"shipping-taxable","17":"purchasable","18":"product-type-simple"},"_links":{"self":[{"href":"https:\/\/fh-staging.vengo.cloud\/de-ch\/wp-json\/wp\/v2\/product\/13274","targetHints":{"allow":["GET"]}}],"collection":[{"href":"https:\/\/fh-staging.vengo.cloud\/de-ch\/wp-json\/wp\/v2\/product"}],"about":[{"href":"https:\/\/fh-staging.vengo.cloud\/de-ch\/wp-json\/wp\/v2\/types\/product"}],"wp:featuredmedia":[{"embeddable":true,"href":"https:\/\/fh-staging.vengo.cloud\/de-ch\/wp-json\/wp\/v2\/media\/13275"}],"wp:attachment":[{"href":"https:\/\/fh-staging.vengo.cloud\/de-ch\/wp-json\/wp\/v2\/media?parent=13274"}],"wp:term":[{"taxonomy":"product_brand","embeddable":true,"href":"https:\/\/fh-staging.vengo.cloud\/de-ch\/wp-json\/wp\/v2\/product_brand?post=13274"},{"taxonomy":"product_cat","embeddable":true,"href":"https:\/\/fh-staging.vengo.cloud\/de-ch\/wp-json\/wp\/v2\/product_cat?post=13274"},{"taxonomy":"product_tag","embeddable":true,"href":"https:\/\/fh-staging.vengo.cloud\/de-ch\/wp-json\/wp\/v2\/product_tag?post=13274"},{"taxonomy":"woo-feed-brand","embeddable":true,"href":"https:\/\/fh-staging.vengo.cloud\/de-ch\/wp-json\/wp\/v2\/woo-feed-brand?post=13274"}],"curies":[{"name":"wp","href":"https:\/\/api.w.org\/{rel}","templated":true}]}}