{"id":13202,"date":"2023-06-15T14:52:48","date_gmt":"2023-06-15T12:52:48","guid":{"rendered":"https:\/\/fh-staging.vengo.cloud\/?product=reflection-clarity-medium-tumbler"},"modified":"2025-04-01T05:42:59","modified_gmt":"2025-04-01T03:42:59","slug":"reflection-clarity-medium-tumbler","status":"publish","type":"product","link":"https:\/\/fh-staging.vengo.cloud\/de-ch\/p\/reflection-clarity-medium-tumbler","title":{"rendered":"Reflection + Clarity Medium Tumbler"},"content":{"rendered":"<p>\u00c4therische \u00d6le inspiriert von den Vorteilen der Aromatherapie. Sojawachs-Mischung f\u00fcr ein ruhiges, gleichm\u00e4ssiges Abbrennen. Wundersch\u00f6nes Milchglas in beruhigenden Farben schafft eine friedvolle Umgebung. Einfache klare \u00c4sthetik mit Deckel in Holzoptik.<br \/>\nBrenndauer: bis zu 57h<\/p>\n","protected":false},"excerpt":{"rendered":"<p>Aromen von Meersalz, Muskatellersalbei und taufrischem Alpenveilchen kl\u00e4ren die Luft mit einer inspirierenden Frische, die einem sich am Ufer spiegelnden Sonnenaufgang gleicht. \u00c4therische \u00d6le: Zedernholz, Thymian, Orange, Eukalyptus, Tangerine, Rosmarin, Palo Santo, Galbanharz<\/p>\n","protected":false},"featured_media":13203,"template":"","meta":[],"product_brand":[],"product_cat":[99,23,28],"product_tag":[289,288],"woo-feed-brand":[],"class_list":{"0":"post-13202","1":"product","2":"type-product","3":"status-publish","4":"has-post-thumbnail","6":"product_cat-duftkerzen","7":"product_cat-home-living","8":"product_cat-kerzen-lichter","9":"product_tag-blumengarten-kung-ag","10":"product_tag-spirig-kerzen-ag","12":"first","13":"instock","14":"taxable","15":"shipping-taxable","16":"purchasable","17":"product-type-simple"},"_links":{"self":[{"href":"https:\/\/fh-staging.vengo.cloud\/de-ch\/wp-json\/wp\/v2\/product\/13202","targetHints":{"allow":["GET"]}}],"collection":[{"href":"https:\/\/fh-staging.vengo.cloud\/de-ch\/wp-json\/wp\/v2\/product"}],"about":[{"href":"https:\/\/fh-staging.vengo.cloud\/de-ch\/wp-json\/wp\/v2\/types\/product"}],"wp:featuredmedia":[{"embeddable":true,"href":"https:\/\/fh-staging.vengo.cloud\/de-ch\/wp-json\/wp\/v2\/media\/13203"}],"wp:attachment":[{"href":"https:\/\/fh-staging.vengo.cloud\/de-ch\/wp-json\/wp\/v2\/media?parent=13202"}],"wp:term":[{"taxonomy":"product_brand","embeddable":true,"href":"https:\/\/fh-staging.vengo.cloud\/de-ch\/wp-json\/wp\/v2\/product_brand?post=13202"},{"taxonomy":"product_cat","embeddable":true,"href":"https:\/\/fh-staging.vengo.cloud\/de-ch\/wp-json\/wp\/v2\/product_cat?post=13202"},{"taxonomy":"product_tag","embeddable":true,"href":"https:\/\/fh-staging.vengo.cloud\/de-ch\/wp-json\/wp\/v2\/product_tag?post=13202"},{"taxonomy":"woo-feed-brand","embeddable":true,"href":"https:\/\/fh-staging.vengo.cloud\/de-ch\/wp-json\/wp\/v2\/woo-feed-brand?post=13202"}],"curies":[{"name":"wp","href":"https:\/\/api.w.org\/{rel}","templated":true}]}}