{"id":13119,"date":"2023-06-15T12:52:31","date_gmt":"2023-06-15T12:52:31","guid":{"rendered":"https:\/\/fh-staging.vengo.cloud\/?product=balance-harmony-large-tumbler"},"modified":"2025-04-01T05:43:58","modified_gmt":"2025-04-01T03:43:58","slug":"balance-harmony-large-tumbler","status":"publish","type":"product","link":"https:\/\/fh-staging.vengo.cloud\/de-ch\/p\/balance-harmony-large-tumbler","title":{"rendered":"Balance + Harmony Large Tumbler"},"content":{"rendered":"<p>\u00c4therische \u00d6le inspiriert von den Vorteilen der Aromatherapie. Sojawachs-Mischung f\u00fcr ein ruhiges, gleichm\u00e4ssiges Abbrennen. Wundersch\u00f6nes Milchglas in beruhigenden Farben schafft eine friedvolle Umgebung. Einfache klare \u00c4sthetik mit Deckel in Holzoptik.<\/p>\n<p>Brenndauer: bis zu 82h<\/p>\n","protected":false},"excerpt":{"rendered":"<p>Dieser harmonische, fruchtige Akkord mit Noten von s\u00fcsser Birne, taufrischer Seerose und gr\u00fcnen Regenwaldbl\u00fcten verleiht deinem Interieur ein Gef\u00fchl von Ausgeglichenheit. \u00c4therische \u00d6le: Zitrone<\/p>\n","protected":false},"featured_media":13120,"template":"","meta":[],"product_brand":[],"product_cat":[99,23,28],"product_tag":[288],"woo-feed-brand":[],"class_list":{"0":"post-13119","1":"product","2":"type-product","3":"status-publish","4":"has-post-thumbnail","6":"product_cat-duftkerzen","7":"product_cat-home-living","8":"product_cat-kerzen-lichter","9":"product_tag-spirig-kerzen-ag","11":"first","12":"instock","13":"taxable","14":"shipping-taxable","15":"purchasable","16":"product-type-simple"},"_links":{"self":[{"href":"https:\/\/fh-staging.vengo.cloud\/de-ch\/wp-json\/wp\/v2\/product\/13119","targetHints":{"allow":["GET"]}}],"collection":[{"href":"https:\/\/fh-staging.vengo.cloud\/de-ch\/wp-json\/wp\/v2\/product"}],"about":[{"href":"https:\/\/fh-staging.vengo.cloud\/de-ch\/wp-json\/wp\/v2\/types\/product"}],"wp:featuredmedia":[{"embeddable":true,"href":"https:\/\/fh-staging.vengo.cloud\/de-ch\/wp-json\/wp\/v2\/media\/13120"}],"wp:attachment":[{"href":"https:\/\/fh-staging.vengo.cloud\/de-ch\/wp-json\/wp\/v2\/media?parent=13119"}],"wp:term":[{"taxonomy":"product_brand","embeddable":true,"href":"https:\/\/fh-staging.vengo.cloud\/de-ch\/wp-json\/wp\/v2\/product_brand?post=13119"},{"taxonomy":"product_cat","embeddable":true,"href":"https:\/\/fh-staging.vengo.cloud\/de-ch\/wp-json\/wp\/v2\/product_cat?post=13119"},{"taxonomy":"product_tag","embeddable":true,"href":"https:\/\/fh-staging.vengo.cloud\/de-ch\/wp-json\/wp\/v2\/product_tag?post=13119"},{"taxonomy":"woo-feed-brand","embeddable":true,"href":"https:\/\/fh-staging.vengo.cloud\/de-ch\/wp-json\/wp\/v2\/woo-feed-brand?post=13119"}],"curies":[{"name":"wp","href":"https:\/\/api.w.org\/{rel}","templated":true}]}}