{"id":13023,"date":"2023-05-05T12:26:44","date_gmt":"2023-05-05T12:26:44","guid":{"rendered":"https:\/\/fh-staging.vengo.cloud\/?product=maya"},"modified":"2025-07-31T09:26:36","modified_gmt":"2025-07-31T07:26:36","slug":"regenstiefel-maya","status":"publish","type":"product","link":"https:\/\/fh-staging.vengo.cloud\/de-ch\/p\/regenstiefel-maya","title":{"rendered":"REGENSTIEFEL &#171;MAYA&#187;"},"content":{"rendered":"<p style=\"text-align: left;\">Profilierte Sohle &amp; neue Lasche zum festziehen<\/p>\n<p style=\"text-align: left;\"><span style=\"text-decoration: underline;\">Geliefert mit:<\/span><\/p>\n<div style=\"text-align: left;\">\n<p>2 Paar zus\u00e4tzliche Schn\u00fcrsenkel: t\u00fcrkis &amp; gelb<\/p>\n<\/div>\n<div style=\"text-align: left;\">\n<p>1 Paar zus\u00e4tzliche Einlagen<\/p>\n<p><span style=\"text-decoration: underline;\">Innenausf\u00fchrung:<\/span><\/p>\n<\/div>\n<div style=\"text-align: left;\">\n<p>100% Baumwolle, schwarz, Einlage EVA 5mm<\/p>\n<\/div>\n<div>\n<p style=\"text-align: left;\">100% Naturgummi, 100% wasserdicht<\/p>\n<p style=\"text-align: left;\">H\u00f6he\u00a019 cm<\/p>\n<\/div>\n","protected":false},"excerpt":{"rendered":"<p>Regenstiefel f\u00fcr Frauen.<br \/>\nProfilierte Sohle, Neue Lasche zum festziehen, Verst\u00e4rkte \u00d6sen, Doppelter Verst\u00e4rkungsstreifen (r\u00fcckseitig), 100% nat\u00fcrlicher Kautschuk, 100% wasserdicht.<\/p>\n","protected":false},"featured_media":13024,"template":"","meta":[],"product_brand":[],"product_cat":[39,34,1061],"product_tag":[321],"woo-feed-brand":[],"class_list":{"0":"post-13023","1":"product","2":"type-product","3":"status-publish","4":"has-post-thumbnail","6":"product_cat-gartenzubehoer","7":"product_cat-garten-balkon","8":"product_cat-regenstiefel","9":"product_tag-elvetik-official-store","11":"first","12":"instock","13":"taxable","14":"shipping-taxable","15":"purchasable","16":"product-type-variable"},"_links":{"self":[{"href":"https:\/\/fh-staging.vengo.cloud\/de-ch\/wp-json\/wp\/v2\/product\/13023","targetHints":{"allow":["GET"]}}],"collection":[{"href":"https:\/\/fh-staging.vengo.cloud\/de-ch\/wp-json\/wp\/v2\/product"}],"about":[{"href":"https:\/\/fh-staging.vengo.cloud\/de-ch\/wp-json\/wp\/v2\/types\/product"}],"wp:featuredmedia":[{"embeddable":true,"href":"https:\/\/fh-staging.vengo.cloud\/de-ch\/wp-json\/wp\/v2\/media\/13024"}],"wp:attachment":[{"href":"https:\/\/fh-staging.vengo.cloud\/de-ch\/wp-json\/wp\/v2\/media?parent=13023"}],"wp:term":[{"taxonomy":"product_brand","embeddable":true,"href":"https:\/\/fh-staging.vengo.cloud\/de-ch\/wp-json\/wp\/v2\/product_brand?post=13023"},{"taxonomy":"product_cat","embeddable":true,"href":"https:\/\/fh-staging.vengo.cloud\/de-ch\/wp-json\/wp\/v2\/product_cat?post=13023"},{"taxonomy":"product_tag","embeddable":true,"href":"https:\/\/fh-staging.vengo.cloud\/de-ch\/wp-json\/wp\/v2\/product_tag?post=13023"},{"taxonomy":"woo-feed-brand","embeddable":true,"href":"https:\/\/fh-staging.vengo.cloud\/de-ch\/wp-json\/wp\/v2\/woo-feed-brand?post=13023"}],"curies":[{"name":"wp","href":"https:\/\/api.w.org\/{rel}","templated":true}]}}