{"id":12987,"date":"2023-05-05T11:07:17","date_gmt":"2023-05-05T11:07:17","guid":{"rendered":"https:\/\/fh-staging.vengo.cloud\/?product=regenstiefel-boots-khaki"},"modified":"2025-09-25T07:43:32","modified_gmt":"2025-09-25T05:43:32","slug":"regenstiefel-boots-khaki","status":"publish","type":"product","link":"https:\/\/fh-staging.vengo.cloud\/de-ch\/p\/regenstiefel-boots-khaki","title":{"rendered":"REGENSTIEFEL \u201cBOOTS KHAKI\u201d"},"content":{"rendered":"<p style=\"text-align: left\">Elvetik gibt ein neues Design f\u00fcr seine Regenstiefel heraus, in urbaner \u00c4sthetik und doch f\u00fcr jedes Gel\u00e4nde (mit seiner Stollensohle) geeignet.<\/p>\n<ul>\n<li style=\"text-align: left\">Vegan zertifiziert<\/li>\n<li style=\"text-align: left\">Wasserdicht<\/li>\n<li style=\"text-align: left\">Handgefertigt<\/li>\n<li style=\"text-align: left\">Einlage aus recycled Polyester<\/li>\n<li style=\"text-align: left\">Sohle aus Kautschuk<\/li>\n<li style=\"text-align: left\">Aus vulkanisiertem Naturkautschuk hergestellt<\/li>\n<li style=\"text-align: left\">Schn\u00fcrstiefelzunge<\/li>\n<li style=\"text-align: left\">Runder schwarzer Schn\u00fcrsenkel aus 100% Baumwolle<\/li>\n<\/ul>\n","protected":false},"excerpt":{"rendered":"<p>Regenstiefel \u201cboots khaki\u201d, khaki matt, f\u00fcr Frau und Mann<\/p>\n","protected":false},"featured_media":12988,"template":"","meta":[],"product_brand":[],"product_cat":[39,34,1061],"product_tag":[321],"woo-feed-brand":[],"class_list":{"0":"post-12987","1":"product","2":"type-product","3":"status-publish","4":"has-post-thumbnail","6":"product_cat-gartenzubehoer","7":"product_cat-garten-balkon","8":"product_cat-regenstiefel","9":"product_tag-elvetik-official-store","11":"first","12":"instock","13":"featured","14":"taxable","15":"shipping-taxable","16":"purchasable","17":"product-type-variable"},"_links":{"self":[{"href":"https:\/\/fh-staging.vengo.cloud\/de-ch\/wp-json\/wp\/v2\/product\/12987","targetHints":{"allow":["GET"]}}],"collection":[{"href":"https:\/\/fh-staging.vengo.cloud\/de-ch\/wp-json\/wp\/v2\/product"}],"about":[{"href":"https:\/\/fh-staging.vengo.cloud\/de-ch\/wp-json\/wp\/v2\/types\/product"}],"wp:featuredmedia":[{"embeddable":true,"href":"https:\/\/fh-staging.vengo.cloud\/de-ch\/wp-json\/wp\/v2\/media\/12988"}],"wp:attachment":[{"href":"https:\/\/fh-staging.vengo.cloud\/de-ch\/wp-json\/wp\/v2\/media?parent=12987"}],"wp:term":[{"taxonomy":"product_brand","embeddable":true,"href":"https:\/\/fh-staging.vengo.cloud\/de-ch\/wp-json\/wp\/v2\/product_brand?post=12987"},{"taxonomy":"product_cat","embeddable":true,"href":"https:\/\/fh-staging.vengo.cloud\/de-ch\/wp-json\/wp\/v2\/product_cat?post=12987"},{"taxonomy":"product_tag","embeddable":true,"href":"https:\/\/fh-staging.vengo.cloud\/de-ch\/wp-json\/wp\/v2\/product_tag?post=12987"},{"taxonomy":"woo-feed-brand","embeddable":true,"href":"https:\/\/fh-staging.vengo.cloud\/de-ch\/wp-json\/wp\/v2\/woo-feed-brand?post=12987"}],"curies":[{"name":"wp","href":"https:\/\/api.w.org\/{rel}","templated":true}]}}