{"id":11590,"date":"2023-05-03T07:52:09","date_gmt":"2023-05-03T07:52:09","guid":{"rendered":"https:\/\/fh-staging.vengo.cloud\/?product=lemon-lavender-signature-large-jar"},"modified":"2025-04-01T05:52:57","modified_gmt":"2025-04-01T03:52:57","slug":"lemon-lavender-signature-large-jar","status":"publish","type":"product","link":"https:\/\/fh-staging.vengo.cloud\/de-ch\/p\/lemon-lavender-signature-large-jar","title":{"rendered":"Lemon Lavender Signature Large Jar"},"content":{"rendered":"<p>Erlebe die Marke Yankee Candle\u00ae in einem v\u00f6llig neuen Gewand. Zwei Baumwolldochte und eine erstklassige Sojawachsmischung sorgen f\u00fcr ein wundersch\u00f6nes Ambiente. Die Duftkerze in der Form eines Trinkglases, das wieder verwendet werden kann.<\/p>\n<p>Brenndauer: 60-90h<\/p>\n","protected":false},"excerpt":{"rendered":"<p>Sauber und einladend\u2026 eine leichte und frische Mischung aus herber Zitrone und lieblichen Lavendelbl\u00fcten.<\/p>\n","protected":false},"featured_media":11591,"template":"","meta":[],"product_brand":[],"product_cat":[99,23,28],"product_tag":[288],"woo-feed-brand":[],"class_list":{"0":"post-11590","1":"product","2":"type-product","3":"status-publish","4":"has-post-thumbnail","6":"product_cat-duftkerzen","7":"product_cat-home-living","8":"product_cat-kerzen-lichter","9":"product_tag-spirig-kerzen-ag","11":"first","12":"instock","13":"taxable","14":"shipping-taxable","15":"purchasable","16":"product-type-simple"},"_links":{"self":[{"href":"https:\/\/fh-staging.vengo.cloud\/de-ch\/wp-json\/wp\/v2\/product\/11590","targetHints":{"allow":["GET"]}}],"collection":[{"href":"https:\/\/fh-staging.vengo.cloud\/de-ch\/wp-json\/wp\/v2\/product"}],"about":[{"href":"https:\/\/fh-staging.vengo.cloud\/de-ch\/wp-json\/wp\/v2\/types\/product"}],"wp:featuredmedia":[{"embeddable":true,"href":"https:\/\/fh-staging.vengo.cloud\/de-ch\/wp-json\/wp\/v2\/media\/11591"}],"wp:attachment":[{"href":"https:\/\/fh-staging.vengo.cloud\/de-ch\/wp-json\/wp\/v2\/media?parent=11590"}],"wp:term":[{"taxonomy":"product_brand","embeddable":true,"href":"https:\/\/fh-staging.vengo.cloud\/de-ch\/wp-json\/wp\/v2\/product_brand?post=11590"},{"taxonomy":"product_cat","embeddable":true,"href":"https:\/\/fh-staging.vengo.cloud\/de-ch\/wp-json\/wp\/v2\/product_cat?post=11590"},{"taxonomy":"product_tag","embeddable":true,"href":"https:\/\/fh-staging.vengo.cloud\/de-ch\/wp-json\/wp\/v2\/product_tag?post=11590"},{"taxonomy":"woo-feed-brand","embeddable":true,"href":"https:\/\/fh-staging.vengo.cloud\/de-ch\/wp-json\/wp\/v2\/woo-feed-brand?post=11590"}],"curies":[{"name":"wp","href":"https:\/\/api.w.org\/{rel}","templated":true}]}}