{"id":11400,"date":"2023-05-03T07:51:21","date_gmt":"2023-05-03T07:51:21","guid":{"rendered":"https:\/\/fh-staging.vengo.cloud\/?product=a-calm-quiet-place-signature-large-jar"},"modified":"2025-04-01T05:54:16","modified_gmt":"2025-04-01T03:54:16","slug":"a-calm-quiet-place-signature-large-jar","status":"publish","type":"product","link":"https:\/\/fh-staging.vengo.cloud\/de-ch\/p\/a-calm-quiet-place-signature-large-jar","title":{"rendered":"A Calm &amp; Quiet Place Signature Large Jar"},"content":{"rendered":"<p>Erlebe die Marke Yankee Candle\u00ae in einem v\u00f6llig neuen Gewand. Zwei Baumwolldochte und eine erstklassige Sojawachsmischung sorgen f\u00fcr ein wundersch\u00f6nes Ambiente. Die Duftkerze in der Form eines Trinkglases, das wieder verwendet werden kann. Der Deckel kann als Untersetzer gebraucht werden, um Deine M\u00f6bel zu schonen.<\/p>\n<p>Brenndauer: 60-90h<\/p>\n","protected":false},"excerpt":{"rendered":"<p>Ein beruhigender Duft, mit einer leichten Jasmin Note und einem Hauch von Patchouli, Amber und Moschus.<\/p>\n","protected":false},"featured_media":11401,"template":"","meta":[],"product_brand":[],"product_cat":[99,23,28],"product_tag":[288],"woo-feed-brand":[],"class_list":{"0":"post-11400","1":"product","2":"type-product","3":"status-publish","4":"has-post-thumbnail","6":"product_cat-duftkerzen","7":"product_cat-home-living","8":"product_cat-kerzen-lichter","9":"product_tag-spirig-kerzen-ag","11":"first","12":"instock","13":"taxable","14":"shipping-taxable","15":"purchasable","16":"product-type-simple"},"_links":{"self":[{"href":"https:\/\/fh-staging.vengo.cloud\/de-ch\/wp-json\/wp\/v2\/product\/11400","targetHints":{"allow":["GET"]}}],"collection":[{"href":"https:\/\/fh-staging.vengo.cloud\/de-ch\/wp-json\/wp\/v2\/product"}],"about":[{"href":"https:\/\/fh-staging.vengo.cloud\/de-ch\/wp-json\/wp\/v2\/types\/product"}],"wp:featuredmedia":[{"embeddable":true,"href":"https:\/\/fh-staging.vengo.cloud\/de-ch\/wp-json\/wp\/v2\/media\/11401"}],"wp:attachment":[{"href":"https:\/\/fh-staging.vengo.cloud\/de-ch\/wp-json\/wp\/v2\/media?parent=11400"}],"wp:term":[{"taxonomy":"product_brand","embeddable":true,"href":"https:\/\/fh-staging.vengo.cloud\/de-ch\/wp-json\/wp\/v2\/product_brand?post=11400"},{"taxonomy":"product_cat","embeddable":true,"href":"https:\/\/fh-staging.vengo.cloud\/de-ch\/wp-json\/wp\/v2\/product_cat?post=11400"},{"taxonomy":"product_tag","embeddable":true,"href":"https:\/\/fh-staging.vengo.cloud\/de-ch\/wp-json\/wp\/v2\/product_tag?post=11400"},{"taxonomy":"woo-feed-brand","embeddable":true,"href":"https:\/\/fh-staging.vengo.cloud\/de-ch\/wp-json\/wp\/v2\/woo-feed-brand?post=11400"}],"curies":[{"name":"wp","href":"https:\/\/api.w.org\/{rel}","templated":true}]}}