{"id":11345,"date":"2023-05-03T07:51:09","date_gmt":"2023-05-03T07:51:09","guid":{"rendered":"https:\/\/fh-staging.vengo.cloud\/?product=iced-berry-lemonade-signature-medium-jar"},"modified":"2025-04-01T05:59:58","modified_gmt":"2025-04-01T03:59:58","slug":"iced-berry-lemonade-signature-medium-jar","status":"publish","type":"product","link":"https:\/\/fh-staging.vengo.cloud\/de-ch\/p\/iced-berry-lemonade-signature-medium-jar","title":{"rendered":"Iced Berry Lemonade Signature Medium Jar"},"content":{"rendered":"<p>Erlebe die Marke Yankee Candle\u00ae in einem v\u00f6llig neuen Gewand. Zwei Baumwolldochte und eine erstklassige Sojawachsmischung sorgen f\u00fcr ein wundersch\u00f6nes Ambiente. Die Duftkerze im Glas. Die von Hand illustrierten Etiketten und die leuchtenden Wachsfarben sind perfekt auf unsere exklusiven und bew\u00e4hrten D\u00fcfte der Kollektion abgestimmt und bilden eine inspirierende Erg\u00e4nzung f\u00fcr Dein Zuhause.<\/p>\n<p>Brenndauer: 30-50h<\/p>\n","protected":false},"excerpt":{"rendered":"<p>Geniesse den Duft eines grossen, kalten Glases rosa Limonade an einem heissen Sommertag. Noten von Zitronenzucker vermischen sich mit rubinroten Grapefruit- und saftigen Pomelod\u00fcften zu einem erfrischenden Getr\u00e4nk.<\/p>\n","protected":false},"featured_media":11346,"template":"","meta":[],"product_brand":[],"product_cat":[99,23,28],"product_tag":[288],"woo-feed-brand":[],"class_list":{"0":"post-11345","1":"product","2":"type-product","3":"status-publish","4":"has-post-thumbnail","6":"product_cat-duftkerzen","7":"product_cat-home-living","8":"product_cat-kerzen-lichter","9":"product_tag-spirig-kerzen-ag","11":"first","12":"instock","13":"taxable","14":"shipping-taxable","15":"purchasable","16":"product-type-simple"},"_links":{"self":[{"href":"https:\/\/fh-staging.vengo.cloud\/de-ch\/wp-json\/wp\/v2\/product\/11345","targetHints":{"allow":["GET"]}}],"collection":[{"href":"https:\/\/fh-staging.vengo.cloud\/de-ch\/wp-json\/wp\/v2\/product"}],"about":[{"href":"https:\/\/fh-staging.vengo.cloud\/de-ch\/wp-json\/wp\/v2\/types\/product"}],"wp:featuredmedia":[{"embeddable":true,"href":"https:\/\/fh-staging.vengo.cloud\/de-ch\/wp-json\/wp\/v2\/media\/11346"}],"wp:attachment":[{"href":"https:\/\/fh-staging.vengo.cloud\/de-ch\/wp-json\/wp\/v2\/media?parent=11345"}],"wp:term":[{"taxonomy":"product_brand","embeddable":true,"href":"https:\/\/fh-staging.vengo.cloud\/de-ch\/wp-json\/wp\/v2\/product_brand?post=11345"},{"taxonomy":"product_cat","embeddable":true,"href":"https:\/\/fh-staging.vengo.cloud\/de-ch\/wp-json\/wp\/v2\/product_cat?post=11345"},{"taxonomy":"product_tag","embeddable":true,"href":"https:\/\/fh-staging.vengo.cloud\/de-ch\/wp-json\/wp\/v2\/product_tag?post=11345"},{"taxonomy":"woo-feed-brand","embeddable":true,"href":"https:\/\/fh-staging.vengo.cloud\/de-ch\/wp-json\/wp\/v2\/woo-feed-brand?post=11345"}],"curies":[{"name":"wp","href":"https:\/\/api.w.org\/{rel}","templated":true}]}}