{"id":11014,"date":"2023-05-03T07:34:10","date_gmt":"2023-05-03T07:34:10","guid":{"rendered":"https:\/\/fh-staging.vengo.cloud\/?product=wild-berry-beets-ellipse"},"modified":"2025-04-01T06:02:23","modified_gmt":"2025-04-01T04:02:23","slug":"wild-berry-beets-ellipse","status":"publish","type":"product","link":"https:\/\/fh-staging.vengo.cloud\/de-ch\/p\/wild-berry-beets-ellipse","title":{"rendered":"Wild Berry &amp; Beets Ellipse"},"content":{"rendered":"<p>Die ellipsenf\u00f6rmigen Kerzen mit Hearthwick Flamme verf\u00fcgen \u00fcber einen nat\u00fcrlichen Holzdocht, der das beruhigende Ger\u00e4usch eines knisternden Feuers erzeugt. Das exklusive Design schafft eine lange, tanzende Flamme f\u00fcr ein einzigartiges Kaminambiente in jedem Raum. Perfekt als Geschenk!<br \/>\nBrenndauer: 30-40h<\/p>\n","protected":false},"excerpt":{"rendered":"<p>Aromen wilder Beeren und reichhaltiger Rote Bete durchzogen mit D\u00fcften von Eiche, Orange und Florentiner Schwertlilie.<\/p>\n","protected":false},"featured_media":11015,"template":"","meta":[],"product_brand":[],"product_cat":[99,23,1000,999,28],"product_tag":[288],"woo-feed-brand":[],"class_list":{"0":"post-11014","1":"product","2":"type-product","3":"status-publish","4":"has-post-thumbnail","6":"product_cat-duftkerzen","7":"product_cat-home-living","8":"product_cat-valentinstagsdeko","9":"product_cat-valentinstag","10":"product_cat-kerzen-lichter","11":"product_tag-spirig-kerzen-ag","13":"first","14":"instock","15":"taxable","16":"shipping-taxable","17":"purchasable","18":"product-type-simple"},"_links":{"self":[{"href":"https:\/\/fh-staging.vengo.cloud\/de-ch\/wp-json\/wp\/v2\/product\/11014","targetHints":{"allow":["GET"]}}],"collection":[{"href":"https:\/\/fh-staging.vengo.cloud\/de-ch\/wp-json\/wp\/v2\/product"}],"about":[{"href":"https:\/\/fh-staging.vengo.cloud\/de-ch\/wp-json\/wp\/v2\/types\/product"}],"wp:featuredmedia":[{"embeddable":true,"href":"https:\/\/fh-staging.vengo.cloud\/de-ch\/wp-json\/wp\/v2\/media\/11015"}],"wp:attachment":[{"href":"https:\/\/fh-staging.vengo.cloud\/de-ch\/wp-json\/wp\/v2\/media?parent=11014"}],"wp:term":[{"taxonomy":"product_brand","embeddable":true,"href":"https:\/\/fh-staging.vengo.cloud\/de-ch\/wp-json\/wp\/v2\/product_brand?post=11014"},{"taxonomy":"product_cat","embeddable":true,"href":"https:\/\/fh-staging.vengo.cloud\/de-ch\/wp-json\/wp\/v2\/product_cat?post=11014"},{"taxonomy":"product_tag","embeddable":true,"href":"https:\/\/fh-staging.vengo.cloud\/de-ch\/wp-json\/wp\/v2\/product_tag?post=11014"},{"taxonomy":"woo-feed-brand","embeddable":true,"href":"https:\/\/fh-staging.vengo.cloud\/de-ch\/wp-json\/wp\/v2\/woo-feed-brand?post=11014"}],"curies":[{"name":"wp","href":"https:\/\/api.w.org\/{rel}","templated":true}]}}