{"id":10741,"date":"2023-04-25T08:47:44","date_gmt":"2023-04-25T08:47:44","guid":{"rendered":"https:\/\/fh-staging.vengo.cloud\/?product=schokoladengeschenkbox-crazy-mixes"},"modified":"2026-01-12T13:50:24","modified_gmt":"2026-01-12T12:50:24","slug":"schokoladengeschenkbox-crazy-mixes","status":"publish","type":"product","link":"https:\/\/fh-staging.vengo.cloud\/de-ch\/p\/schokoladengeschenkbox-crazy-mixes","title":{"rendered":"Schokoladengeschenkbox Crazy Mixes"},"content":{"rendered":"<p>Hochzeitstag vergessen? Jemanden ver\u00e4rgert? Oder willst du deinen Liebsten einfach mal zeigen, wie sehr du sie magst? In Zeiten, in denen alle schon alles haben, macht es Freude, pure Genussmomente zu verschenken.<\/p>\n<p style=\"text-align: left;\">Mit der Taucherli Crazy Mixes Geschenkbox kannst du allen Schoggiliebhabern eine Freude machen. Unsere Tafeln werden im Bean-to-Bar-Verfahren hergestellt. Das bedeutet, dass die Schoggi von der Kakaobohne bis zur Tafel in einer Produktion hergestellt wird. Die Geschenkbox enth\u00e4lt neun verschiedene Schoggitafeln. Darunter ist eine weisse Schoggitafel mit Karamelgeschmack, die an ein Niedelt\u00e4feli erinnern, sowie verschiedene Milch- und dunkle Tafeln. Neben den klassischen Milch- und Zartbittertafeln gibt es auch einige ausgefallene Varianten. Zum Beispiel mit Pop Rocks, die im Mund zu knistern beginnen und ein L\u00e4cheln ins Gesicht zaubern. Die Tafel Raps mit ger\u00f6steten Rapssamen vom Juchhof, die der Tafel ein nussiges Aroma und den n\u00f6tigen Crunch verleihen. Oder die La Donna, bei der der Blumenstrauss direkt auf der Schokolade liegt. Denn die Tafel wird mit Rosenbl\u00e4ttern aus Birmensdorf bestreut und mit Haseln\u00fcssen und Himbeeren verfeinert.<\/p>\n<p style=\"text-align: left;\">Diese Geschenkbox enth\u00e4lt diese neun Tafeln:<\/p>\n<p style=\"text-align: left;\">&#8211; Milch<\/p>\n<p style=\"text-align: left;\">&#8211; Schwarz (mit mind. 69% Kakaogehalt)<\/p>\n<p style=\"text-align: left;\">&#8211; Petazeta<\/p>\n<p style=\"text-align: left;\">&#8211;\u00a0Petazeta Dark<\/p>\n<p style=\"text-align: left;\">&#8211; Raps<\/p>\n<p style=\"text-align: left;\">&#8211; Gold<\/p>\n<p style=\"text-align: left;\">&#8211; La Donna<\/p>\n<p style=\"text-align: left;\">&#8211; Mais<\/p>\n<p style=\"text-align: left;\">&#8211; Ruby<\/p>\n<p style=\"text-align: left;\"><a href=\"https:\/\/taucherli.sharepoint.com\/:b:\/s\/premiumswisschocolateGmbH\/EbcPS_5YHVpIo3hc2nhPf_AB5KPwjxjhutJvMSVX0HBMJA?e=4B2tm4\" target=\"_blank\" rel=\"noopener\">Zutaten und N\u00e4hrwerte<\/a><\/p>\n<p style=\"text-align: left;\">\n","protected":false},"excerpt":{"rendered":"<p>mit 9 verschiedenen Schokoladentafeln<\/p>\n","protected":false},"featured_media":36770,"template":"","meta":[],"product_brand":[],"product_cat":[114,1001,984,993,999,909,916,42,885,52,54],"product_tag":[320],"woo-feed-brand":[],"class_list":{"0":"post-10741","1":"product","2":"type-product","3":"status-publish","4":"has-post-thumbnail","6":"product_cat-schokolade-sweets","7":"product_cat-leckereien","8":"product_cat-silvester","9":"product_cat-silvestergeschenke","10":"product_cat-valentinstag","11":"product_cat-weihnachten","12":"product_cat-praesente","13":"product_cat-kueche","14":"product_cat-koestlichkeiten","15":"product_cat-geschenke","16":"product_cat-feinkost","17":"product_tag-taucherli-premium-swiss-chocolate-gmbh","19":"first","20":"instock","21":"taxable","22":"shipping-taxable","23":"purchasable","24":"product-type-simple"},"_links":{"self":[{"href":"https:\/\/fh-staging.vengo.cloud\/de-ch\/wp-json\/wp\/v2\/product\/10741","targetHints":{"allow":["GET"]}}],"collection":[{"href":"https:\/\/fh-staging.vengo.cloud\/de-ch\/wp-json\/wp\/v2\/product"}],"about":[{"href":"https:\/\/fh-staging.vengo.cloud\/de-ch\/wp-json\/wp\/v2\/types\/product"}],"wp:featuredmedia":[{"embeddable":true,"href":"https:\/\/fh-staging.vengo.cloud\/de-ch\/wp-json\/wp\/v2\/media\/36770"}],"wp:attachment":[{"href":"https:\/\/fh-staging.vengo.cloud\/de-ch\/wp-json\/wp\/v2\/media?parent=10741"}],"wp:term":[{"taxonomy":"product_brand","embeddable":true,"href":"https:\/\/fh-staging.vengo.cloud\/de-ch\/wp-json\/wp\/v2\/product_brand?post=10741"},{"taxonomy":"product_cat","embeddable":true,"href":"https:\/\/fh-staging.vengo.cloud\/de-ch\/wp-json\/wp\/v2\/product_cat?post=10741"},{"taxonomy":"product_tag","embeddable":true,"href":"https:\/\/fh-staging.vengo.cloud\/de-ch\/wp-json\/wp\/v2\/product_tag?post=10741"},{"taxonomy":"woo-feed-brand","embeddable":true,"href":"https:\/\/fh-staging.vengo.cloud\/de-ch\/wp-json\/wp\/v2\/woo-feed-brand?post=10741"}],"curies":[{"name":"wp","href":"https:\/\/api.w.org\/{rel}","templated":true}]}}