{"id":10719,"date":"2023-04-24T09:37:56","date_gmt":"2023-04-24T09:37:56","guid":{"rendered":"https:\/\/fh-staging.vengo.cloud\/?product=tischgestell-fur-runde-happytrays-o-65-cm"},"modified":"2025-11-28T08:44:32","modified_gmt":"2025-11-28T07:44:32","slug":"tischgestell-fur-runde-happytrays-o-65-cm","status":"publish","type":"product","link":"https:\/\/fh-staging.vengo.cloud\/de-ch\/p\/tischgestell-fur-runde-happytrays-o-65-cm","title":{"rendered":"Tischgestell f\u00fcr runde HappyTrays \u00d8 65 cm"},"content":{"rendered":"<p>Dieses zusammenklappbare Tischgestell aus Stahl verwandelt Deinen HappyTray in einen eleganten Beistelltisch. Erh\u00e4ltlich ist es f\u00fcr unsere runden HappyTrays \u00d8 39 cm, \u00d8 46 cm und \u00d8 65 cm.<\/p>\n<p>Der Tray ist <span style=\"text-decoration: underline\">nicht<\/span> im Preis inbegriffen.<\/p>\n<p>Unsere Kombinationen von Tablett und Tischgestell sind ideal f\u00fcr den t\u00e4glichen Gebrauch als Sofa-, oder Beistelltisch und zum Unterhalten von G\u00e4sten. Mit dem abnehmbaren Tablett l\u00e4sst sich direkt servieren, oder das Design auswechseln; das zusammenklappbare Gestell l\u00e4sst sich bequem umpositionieren oder kompakt verstauen.<\/p>\n<p>Stelle jetzt Deinen pers\u00f6nlichen Beistelltisch zusammen, der perfekt zu Deinem Stil und Deinen Bed\u00fcrfnissen passt.<\/p>\n<p style=\"text-align: left\"><strong>Tischgestell<\/strong><\/p>\n<p style=\"text-align: left\"><em>Passend zu: <\/em>HappyTrays \u00d8 65 cm<\/p>\n<p style=\"text-align: left\"><em>Material Tischgestell:<\/em>\u00a0Stahl, pulverbeschichtet, schwarz<\/p>\n<p style=\"text-align: left\"><em>H\u00f6he:<\/em>\u00a053 cm<\/p>\n","protected":false},"excerpt":{"rendered":"<p>Zusammenklappbares Tischgestell aus Stahl f\u00fcr runde HappyTrays \u00d8 65 cm.<\/p>\n","protected":false},"featured_media":35783,"template":"","meta":[],"product_brand":[],"product_cat":[44,23,1192,30,34,35,42],"product_tag":[314],"woo-feed-brand":[],"class_list":{"0":"post-10719","1":"product","2":"type-product","3":"status-publish","4":"has-post-thumbnail","6":"product_cat-kuechenhelfer","7":"product_cat-home-living","8":"product_cat-hocker-beistelltische","9":"product_cat-deko-accessoires","10":"product_cat-garten-balkon","11":"product_cat-gartendeko","12":"product_cat-kueche","13":"product_tag-happytrays","15":"first","16":"instock","17":"taxable","18":"shipping-taxable","19":"purchasable","20":"product-type-simple"},"_links":{"self":[{"href":"https:\/\/fh-staging.vengo.cloud\/de-ch\/wp-json\/wp\/v2\/product\/10719","targetHints":{"allow":["GET"]}}],"collection":[{"href":"https:\/\/fh-staging.vengo.cloud\/de-ch\/wp-json\/wp\/v2\/product"}],"about":[{"href":"https:\/\/fh-staging.vengo.cloud\/de-ch\/wp-json\/wp\/v2\/types\/product"}],"wp:featuredmedia":[{"embeddable":true,"href":"https:\/\/fh-staging.vengo.cloud\/de-ch\/wp-json\/wp\/v2\/media\/35783"}],"wp:attachment":[{"href":"https:\/\/fh-staging.vengo.cloud\/de-ch\/wp-json\/wp\/v2\/media?parent=10719"}],"wp:term":[{"taxonomy":"product_brand","embeddable":true,"href":"https:\/\/fh-staging.vengo.cloud\/de-ch\/wp-json\/wp\/v2\/product_brand?post=10719"},{"taxonomy":"product_cat","embeddable":true,"href":"https:\/\/fh-staging.vengo.cloud\/de-ch\/wp-json\/wp\/v2\/product_cat?post=10719"},{"taxonomy":"product_tag","embeddable":true,"href":"https:\/\/fh-staging.vengo.cloud\/de-ch\/wp-json\/wp\/v2\/product_tag?post=10719"},{"taxonomy":"woo-feed-brand","embeddable":true,"href":"https:\/\/fh-staging.vengo.cloud\/de-ch\/wp-json\/wp\/v2\/woo-feed-brand?post=10719"}],"curies":[{"name":"wp","href":"https:\/\/api.w.org\/{rel}","templated":true}]}}