{"id":10690,"date":"2023-04-20T23:38:43","date_gmt":"2023-04-20T23:38:43","guid":{"rendered":"https:\/\/fh-staging.vengo.cloud\/?product=tablett-aus-birkenholz-leaves-o-46-cm"},"modified":"2025-12-01T10:35:04","modified_gmt":"2025-12-01T09:35:04","slug":"tablett-aus-birkenholz-leaves-o-46-cm","status":"publish","type":"product","link":"https:\/\/fh-staging.vengo.cloud\/de-ch\/p\/tablett-aus-birkenholz-leaves-o-46-cm","title":{"rendered":"Tablett aus Birkenholz &#8218;Leaves&#8216;, \u00d8 46 cm"},"content":{"rendered":"<p>&#8218;Leaves&#8216; ist eines unserer waldinspirierten Designs mit erdigen T\u00f6nen. Perfekt f\u00fcr alle, die eine harmonische Verbindung zwischen ihrer Inneneinrichtung und der nat\u00fcrlichen Aussenwelt herstellen m\u00f6chten.<\/p>\n<p>Dieses vielseitige St\u00fcck wird gerne als Serviertablett, Kunstwerk oder als praktischer Beistelltisch genutzt. Jedes Tablett wird in Schweden aus hochwertigem, nachhaltigem Birkenfurnier handgefertigt und ist f\u00fcr regelm\u00e4ssigen und intensiven Gebrauch konzipiert.<\/p>\n<p>Erg\u00e4nze Dein Zuhause mit diesem lebendigen Tablett, oder mache jemandem ein besonderes Geschenk.<\/p>\n<p style=\"text-align: left\"><em>Designer:<\/em> Andreas Frei\/HappyTrays<\/p>\n<p style=\"text-align: left\"><em>Material:<\/em> Birkenfurnier, Melaminbeschichtung<\/p>\n<p style=\"text-align: left\"><em>Muster:<\/em>\u00a0Leaves<\/p>\n<p style=\"text-align: left\"><em>Form:<\/em>\u00a0Rund<\/p>\n<p style=\"text-align: left\"><em>Durchmesser:<\/em>\u00a0\u00d8 46 cm<\/p>\n","protected":false},"excerpt":{"rendered":"<p>Hochwertiges Tablett aus nachhaltigem Birkenholz mit lebendigem Design in limitierter Auflage. Entworfen in der Schweiz, handgefertigt in Schweden. \u00d8 46 cm.<\/p>\n","protected":false},"featured_media":69777,"template":"","meta":[],"product_brand":[],"product_cat":[1108,23,1190,909,1179,911,30,42,1104,43],"product_tag":[314],"woo-feed-brand":[],"class_list":{"0":"post-10690","1":"product","2":"type-product","3":"status-publish","4":"has-post-thumbnail","6":"product_cat-tabletts","7":"product_cat-home-living","8":"product_cat-dekoobjekte","9":"product_cat-weihnachten","10":"product_cat-weihnachtsdeko","11":"product_cat-accessoires","12":"product_cat-deko-accessoires","13":"product_cat-kueche","14":"product_cat-tischakzente","15":"product_cat-gedeckter-tisch","16":"product_tag-happytrays","18":"first","19":"instock","20":"taxable","21":"shipping-taxable","22":"purchasable","23":"product-type-simple"},"_links":{"self":[{"href":"https:\/\/fh-staging.vengo.cloud\/de-ch\/wp-json\/wp\/v2\/product\/10690","targetHints":{"allow":["GET"]}}],"collection":[{"href":"https:\/\/fh-staging.vengo.cloud\/de-ch\/wp-json\/wp\/v2\/product"}],"about":[{"href":"https:\/\/fh-staging.vengo.cloud\/de-ch\/wp-json\/wp\/v2\/types\/product"}],"wp:featuredmedia":[{"embeddable":true,"href":"https:\/\/fh-staging.vengo.cloud\/de-ch\/wp-json\/wp\/v2\/media\/69777"}],"wp:attachment":[{"href":"https:\/\/fh-staging.vengo.cloud\/de-ch\/wp-json\/wp\/v2\/media?parent=10690"}],"wp:term":[{"taxonomy":"product_brand","embeddable":true,"href":"https:\/\/fh-staging.vengo.cloud\/de-ch\/wp-json\/wp\/v2\/product_brand?post=10690"},{"taxonomy":"product_cat","embeddable":true,"href":"https:\/\/fh-staging.vengo.cloud\/de-ch\/wp-json\/wp\/v2\/product_cat?post=10690"},{"taxonomy":"product_tag","embeddable":true,"href":"https:\/\/fh-staging.vengo.cloud\/de-ch\/wp-json\/wp\/v2\/product_tag?post=10690"},{"taxonomy":"woo-feed-brand","embeddable":true,"href":"https:\/\/fh-staging.vengo.cloud\/de-ch\/wp-json\/wp\/v2\/woo-feed-brand?post=10690"}],"curies":[{"name":"wp","href":"https:\/\/api.w.org\/{rel}","templated":true}]}}