{"id":10613,"date":"2023-03-28T14:53:09","date_gmt":"2023-03-28T14:53:09","guid":{"rendered":"https:\/\/fh-staging.vengo.cloud\/?product=bouquet-natur-trockenblumenstrauss-mit-strohblumen-gelb"},"modified":"2025-04-01T06:10:48","modified_gmt":"2025-04-01T04:10:48","slug":"bouquet-natur-trockenblumenstrauss-mit-strohblumen-gelb","status":"publish","type":"product","link":"https:\/\/fh-staging.vengo.cloud\/de-ch\/p\/bouquet-natur-trockenblumenstrauss-mit-strohblumen-gelb","title":{"rendered":"Bouquet natur Trockenblumenstrauss mit Strohblumen gelb"},"content":{"rendered":"<h3 style=\"text-align: left;\">Trockenblumen<br \/>\nDer neue Interior-Trend<\/h3>\n<p style=\"text-align: left;\">In diesem Jahr sieht man getrocknete Zweige und Blumen h\u00e4ufiger denn je.<br \/>\nSie sind nicht nur eine Herbstdeko, sondern verspr\u00fchen auch im Sommer ihren ganzen Zauber:<br \/>\nBlumen als getrocknete Variante sind sehr angesagt.<br \/>\nOb als Tischdeko oder opulent in gro\u00dfen Vasen platziert \u2500 Trockenblumen machen sich einzeln und im bunten Bouquet einfach herrlich.<br \/>\nDer riesengrosse Vorteil im Vergleich zu frischen Blumen: Trockenblumen-Deko h\u00e4lt und h\u00e4lt und h\u00e4lt.<\/p>\n<p style=\"text-align: left;\">Der Preis bezieht sich pro Bund.<\/p>\n<p style=\"text-align: left;\">Bitte beachten Sie:<br \/>\n\u2022\u00a0\u00a0 \u00a0Packen Sie die Trockenblumen bitte vorsichtig aus dem Papier. Getrocknete Zweige sind leichter br\u00fcchig als noch im gr\u00fcnen Zustand.<br \/>\n\u2022\u00a0\u00a0 \u00a0Trockenblumen sind ein Naturprodukt und die Str\u00e4usse \/ Einzelblumen werden saisonal individuell zusammengestellt und k\u00f6nnen so in Anordnung und Farbe variieren.<br \/>\n\u2022\u00a0\u00a0 \u00a0F\u00fcr die Gestaltung werden zum Teil auch montierte Decoblumen sowie als technische Hilfsmittel Draht, Spaltbambus, Leim, Bast, Gummiband und \u00e4hnliches verwendet welche auch sichtbar sein k\u00f6nnen. Unsere Trockenblumen werden erg\u00e4nzend teilweise gebleicht oder eingef\u00e4rbt. Die im Musterstrauss (Foto) verwendetet Farbe kann so auch von Strauss zu Strauss variieren. Ebenso das f\u00fcr die Verpackung verwendete Papier.<br \/>\n\u2022\u00a0\u00a0 \u00a0Es k\u00f6nnte Unterschiede zwischen der abgebildeten Farbe auf der Webseite und der tats\u00e4chlichen Farbe geben, dies aufgrund von Lichteinfall, Helligkeit des Monitors, Kontrasteinstellung etc.<\/p>\n","protected":false},"excerpt":{"rendered":"<p>Trockenblumen &#8211; Der neue Interior-Trend; Bouquet natur Trockenblumenstrauss mit Strohblumen gelb \u00d8 ca.20cm, L ca.50cm<\/p>\n","protected":false},"featured_media":10614,"template":"","meta":[],"product_brand":[],"product_cat":[117,23,26],"product_tag":[290],"woo-feed-brand":[],"class_list":{"0":"post-10613","1":"product","2":"type-product","3":"status-publish","4":"has-post-thumbnail","6":"product_cat-trockenblumen","7":"product_cat-home-living","8":"product_cat-blumen-pflanzen","9":"product_tag-atelier-leutwyler","11":"first","12":"instock","13":"taxable","14":"shipping-taxable","15":"purchasable","16":"product-type-simple"},"_links":{"self":[{"href":"https:\/\/fh-staging.vengo.cloud\/de-ch\/wp-json\/wp\/v2\/product\/10613","targetHints":{"allow":["GET"]}}],"collection":[{"href":"https:\/\/fh-staging.vengo.cloud\/de-ch\/wp-json\/wp\/v2\/product"}],"about":[{"href":"https:\/\/fh-staging.vengo.cloud\/de-ch\/wp-json\/wp\/v2\/types\/product"}],"wp:featuredmedia":[{"embeddable":true,"href":"https:\/\/fh-staging.vengo.cloud\/de-ch\/wp-json\/wp\/v2\/media\/10614"}],"wp:attachment":[{"href":"https:\/\/fh-staging.vengo.cloud\/de-ch\/wp-json\/wp\/v2\/media?parent=10613"}],"wp:term":[{"taxonomy":"product_brand","embeddable":true,"href":"https:\/\/fh-staging.vengo.cloud\/de-ch\/wp-json\/wp\/v2\/product_brand?post=10613"},{"taxonomy":"product_cat","embeddable":true,"href":"https:\/\/fh-staging.vengo.cloud\/de-ch\/wp-json\/wp\/v2\/product_cat?post=10613"},{"taxonomy":"product_tag","embeddable":true,"href":"https:\/\/fh-staging.vengo.cloud\/de-ch\/wp-json\/wp\/v2\/product_tag?post=10613"},{"taxonomy":"woo-feed-brand","embeddable":true,"href":"https:\/\/fh-staging.vengo.cloud\/de-ch\/wp-json\/wp\/v2\/woo-feed-brand?post=10613"}],"curies":[{"name":"wp","href":"https:\/\/api.w.org\/{rel}","templated":true}]}}