{"id":10529,"date":"2023-03-14T10:57:34","date_gmt":"2023-03-14T09:57:34","guid":{"rendered":"https:\/\/fh-staging.vengo.cloud\/?product=choco-hazelnut-cream-schokohaselnusscreme"},"modified":"2025-04-01T06:11:01","modified_gmt":"2025-04-01T04:11:01","slug":"choco-hazelnut-cream-schokohaselnusscreme","status":"publish","type":"product","link":"https:\/\/fh-staging.vengo.cloud\/de-ch\/p\/choco-hazelnut-cream-schokohaselnusscreme","title":{"rendered":"Choco &#8211; Hazelnut Cream"},"content":{"rendered":"<div style=\"text-align: left\"><strong>Die exklusive Street-Art-Collection<\/strong><\/div>\n<div style=\"text-align: left\">\n<p><strong> einzigartige Edelbr\u00e4nde und Destillat-Kreationen in limitierter Auflage!<\/strong><\/p>\n<\/div>\n<ul style=\"text-align: left\">\n<li>Der neue Bestseller f\u00fcr Parties!<\/li>\n<li>Zu geniessen mit ein wenig Eis<\/li>\n<li>Gebrannt und veredelt in einer kleinen Boutique-Schnapsbrennerei aus dem Z\u00fcrcher Unterland<\/li>\n<li>Limitierte Klein-Batch Produktion<\/li>\n<li>Serie &#8218;Street Art collection&#8216; mit nummerierter limited Edition<\/li>\n<\/ul>\n<p style=\"text-align: left\"><strong>Inhalt und Vol.%<\/strong><\/p>\n<ul style=\"text-align: left\">\n<li>500 ml<\/li>\n<li>21 Vol.%<\/li>\n<\/ul>\n<p style=\"text-align: left\"><strong>Inhaltsstoffe<\/strong><\/p>\n<div>\n<div data-hook=\"info-section-description\">\n<ul style=\"text-align: left\">\n<li>Rahm<\/li>\n<li>Zucker<\/li>\n<li>Alkohol<\/li>\n<li>Cognac<\/li>\n<li>Rum<\/li>\n<li>Haselnussdestillat<\/li>\n<li>Aromen<\/li>\n<li>Glukose<\/li>\n<li>Kakaopulver<\/li>\n<li>Magermilchpulver<\/li>\n<li>Sonnenblumenlecitin<\/li>\n<li>Xanthan<\/li>\n<li>E110<\/li>\n<li>Schweizer Produkt<\/li>\n<\/ul>\n<div style=\"text-align: left\"><strong>Produzent<\/strong><\/div>\n<div style=\"text-align: left\">\n<ul>\n<li>Produzent: Schnapsboutique H\u00f6ritr\u00f6pfli, Schultheiss, H\u00f6ri<\/li>\n<\/ul>\n<\/div>\n<div style=\"text-align: left\"><strong>Hinweis \/ Jugendschutz<\/strong><\/div>\n<div>\n<ul style=\"text-align: left\">\n<li>Das Gesetz verbietet den Verkauf von Spirituosen an Minderj\u00e4hrige<\/li>\n<\/ul>\n<p style=\"text-align: left\"><strong>Etikette<\/strong><\/p>\n<ul>\n<li style=\"text-align: left\">Enjoy life &#8211; Geniess das Leben<\/li>\n<\/ul>\n<\/div>\n<\/div>\n<\/div>\n","protected":false},"excerpt":{"rendered":"<p>Exklusive alkoholhaltige Kreation (mit Cognac und Rum) aus einer kleinen Boutique-Schnapsbrennerei<\/p>\n","protected":false},"featured_media":10530,"template":"","meta":[],"product_brand":[],"product_cat":[115,995,984,42,885,52,54],"product_tag":[147,305],"woo-feed-brand":[],"class_list":{"0":"post-10529","1":"product","2":"type-product","3":"status-publish","4":"has-post-thumbnail","6":"product_cat-spirituosen","7":"product_cat-essen-trinken","8":"product_cat-silvester","9":"product_cat-kueche","10":"product_cat-koestlichkeiten","11":"product_cat-geschenke","12":"product_cat-feinkost","13":"product_tag-alkohol","14":"product_tag-the-white-panther-die-schonen-dinge-des-lebens","16":"first","17":"instock","18":"taxable","19":"shipping-taxable","20":"purchasable","21":"product-type-simple"},"_links":{"self":[{"href":"https:\/\/fh-staging.vengo.cloud\/de-ch\/wp-json\/wp\/v2\/product\/10529","targetHints":{"allow":["GET"]}}],"collection":[{"href":"https:\/\/fh-staging.vengo.cloud\/de-ch\/wp-json\/wp\/v2\/product"}],"about":[{"href":"https:\/\/fh-staging.vengo.cloud\/de-ch\/wp-json\/wp\/v2\/types\/product"}],"wp:featuredmedia":[{"embeddable":true,"href":"https:\/\/fh-staging.vengo.cloud\/de-ch\/wp-json\/wp\/v2\/media\/10530"}],"wp:attachment":[{"href":"https:\/\/fh-staging.vengo.cloud\/de-ch\/wp-json\/wp\/v2\/media?parent=10529"}],"wp:term":[{"taxonomy":"product_brand","embeddable":true,"href":"https:\/\/fh-staging.vengo.cloud\/de-ch\/wp-json\/wp\/v2\/product_brand?post=10529"},{"taxonomy":"product_cat","embeddable":true,"href":"https:\/\/fh-staging.vengo.cloud\/de-ch\/wp-json\/wp\/v2\/product_cat?post=10529"},{"taxonomy":"product_tag","embeddable":true,"href":"https:\/\/fh-staging.vengo.cloud\/de-ch\/wp-json\/wp\/v2\/product_tag?post=10529"},{"taxonomy":"woo-feed-brand","embeddable":true,"href":"https:\/\/fh-staging.vengo.cloud\/de-ch\/wp-json\/wp\/v2\/woo-feed-brand?post=10529"}],"curies":[{"name":"wp","href":"https:\/\/api.w.org\/{rel}","templated":true}]}}