{"id":10038,"date":"2023-01-18T18:59:49","date_gmt":"2023-01-18T18:59:49","guid":{"rendered":"https:\/\/fh-staging.vengo.cloud\/?product=lol-piepei"},"modified":"2025-05-12T13:52:20","modified_gmt":"2025-05-12T11:52:20","slug":"lol-piepei","status":"publish","type":"product","link":"https:\/\/fh-staging.vengo.cloud\/de-ch\/p\/lol-piepei","title":{"rendered":"LOL PiepEi"},"content":{"rendered":"<p class=\"default\">Zu weich, zu hart \u2013 aber nie auf den Punkt. Perfekt gekochte Eier sind eine Wissenschaft f\u00fcr sich. F\u00fcr PiepEi aber kein Problem. Einfach mit den Eiern lagern, mit den Eiern kochen und warten bis PiepEi singt. <span lang=\"FR-CH\">Das Ei wird perfekt.<\/span><\/p>\n<p class=\"default\">PiepEi misst die Temperatur und berechnet daraus den idealen H\u00e4rtegrad. Daher ist es wichtig, dass PiepEi und H\u00fchnerei vor dem Einsatz zusammen gelagert werden (z.B. im K\u00fchlschrank). Unbedingt PiepEi und H\u00fchnerei zeitgleich in den Topf legen, bevor man den Kochvorgang startet. Es ist egal, ob man mit kaltem oder kochendem Wasser startet. Es spielt auch keine Rolle, ob man ein Ei oder ein dutzend H\u00fchnereier gleichzeitig kocht. PiepEi funktioniert immer und auf allen H\u00f6hen (in den Bergen, wie am Meer).<\/p>\n<p>Sobald das H\u00fchnerei dann perfekt ist, spielt PiepEi eine Melodie f\u00fcr den gew\u00fcnschten H\u00e4rtegrad. Dann das H\u00fchnerei und PiepEi mit kaltem Wasser abschrecken (so gart das H\u00fchnerei nicht weiter und das PiepEi gibt Ruhe). <span lang=\"FR-CH\">Dann nur noch essen. Guten Appetit.<\/span><\/p>\n<pre><\/pre>\n<p><strong>Melodien:\u00a0<\/strong> The Entertainer\u00a0 \u00a0\u00a0Don`t Worry Be Happy\u00a0\u00a0\u00a0 \u00a0Oh Happy Day<\/p>\n","protected":false},"excerpt":{"rendered":"<p>LOL PiepEi. Die Eieruhr zum Mitkochen<\/p>\n","protected":false},"featured_media":10039,"template":"","meta":[],"product_brand":[],"product_cat":[44,1002,1091,1018,1026,999,1088,42],"product_tag":[312],"woo-feed-brand":[],"class_list":{"0":"post-10038","1":"product","2":"type-product","3":"status-publish","4":"has-post-thumbnail","6":"product_cat-kuechenhelfer","7":"product_cat-fuer-ihn","8":"product_cat-hobbykoch","9":"product_cat-ostern","10":"product_cat-osternest","11":"product_cat-valentinstag","12":"product_cat-vatertag","13":"product_cat-kueche","14":"product_tag-zimmermann-flaach-ag-blumen-gartenbau","16":"first","17":"instock","18":"taxable","19":"shipping-taxable","20":"purchasable","21":"product-type-simple"},"_links":{"self":[{"href":"https:\/\/fh-staging.vengo.cloud\/de-ch\/wp-json\/wp\/v2\/product\/10038","targetHints":{"allow":["GET"]}}],"collection":[{"href":"https:\/\/fh-staging.vengo.cloud\/de-ch\/wp-json\/wp\/v2\/product"}],"about":[{"href":"https:\/\/fh-staging.vengo.cloud\/de-ch\/wp-json\/wp\/v2\/types\/product"}],"wp:featuredmedia":[{"embeddable":true,"href":"https:\/\/fh-staging.vengo.cloud\/de-ch\/wp-json\/wp\/v2\/media\/10039"}],"wp:attachment":[{"href":"https:\/\/fh-staging.vengo.cloud\/de-ch\/wp-json\/wp\/v2\/media?parent=10038"}],"wp:term":[{"taxonomy":"product_brand","embeddable":true,"href":"https:\/\/fh-staging.vengo.cloud\/de-ch\/wp-json\/wp\/v2\/product_brand?post=10038"},{"taxonomy":"product_cat","embeddable":true,"href":"https:\/\/fh-staging.vengo.cloud\/de-ch\/wp-json\/wp\/v2\/product_cat?post=10038"},{"taxonomy":"product_tag","embeddable":true,"href":"https:\/\/fh-staging.vengo.cloud\/de-ch\/wp-json\/wp\/v2\/product_tag?post=10038"},{"taxonomy":"woo-feed-brand","embeddable":true,"href":"https:\/\/fh-staging.vengo.cloud\/de-ch\/wp-json\/wp\/v2\/woo-feed-brand?post=10038"}],"curies":[{"name":"wp","href":"https:\/\/api.w.org\/{rel}","templated":true}]}}